{"id":1358,"date":"2020-11-11T08:50:33","date_gmt":"2020-11-11T08:50:33","guid":{"rendered":"https:\/\/dauniaplastics.netplanet.it\/?page_id=1358"},"modified":"2021-07-21T18:50:38","modified_gmt":"2021-07-21T17:50:38","slug":"privatsphaere","status":"publish","type":"page","link":"https:\/\/arredoserviceitalia.it\/de\/privatsphaere\/","title":{"rendered":"Privatsphaere"},"content":{"rendered":"\n<style type=\"text\/css\" data-created_by=\"avia_inline_auto\" id=\"style-css-av-av_heading-5d6694ba9fec328dc244cafaebe792ed\">\n#top .av-special-heading.av-av_heading-5d6694ba9fec328dc244cafaebe792ed{\npadding-bottom:10px;\ncolor:#99c13c;\n}\nbody .av-special-heading.av-av_heading-5d6694ba9fec328dc244cafaebe792ed .av-special-heading-tag .heading-char{\nfont-size:25px;\n}\n.av-special-heading.av-av_heading-5d6694ba9fec328dc244cafaebe792ed .special-heading-inner-border{\nborder-color:#99c13c;\n}\n.av-special-heading.av-av_heading-5d6694ba9fec328dc244cafaebe792ed .av-subheading{\nfont-size:15px;\n}\n<\/style>\n<div  class='av-special-heading av-av_heading-5d6694ba9fec328dc244cafaebe792ed av-special-heading-h2 custom-color-heading blockquote modern-quote  avia-builder-el-0  el_before_av_textblock  avia-builder-el-first '><h2 class='av-special-heading-tag '  itemprop=\"headline\"  >Informationen ausgegeben in \u00dcbereinstimmung mit Art. 13 der EU Richtlinie 679\/2016 (DSGVO)<\/h2><div class=\"special-heading-border\"><div class=\"special-heading-inner-border\"><\/div><\/div><\/div>\r\n\r\n<section  class='av_textblock_section av-kglxgl20-432d291b0bf4312624b4d73a1382da07 '   itemscope=\"itemscope\" itemtype=\"https:\/\/schema.org\/CreativeWork\" ><div class='avia_textblock'  itemprop=\"text\" ><p>Diese Informationen werden von Arredo Service 4.0 Srl mit Sitz in Foggia in der Via Zara 26 als Eigent\u00fcmer und Verwalter der Verarbeitung personenbezogener Daten bereitgestellt.<\/p>\n<p>Die erhobenen Daten werden nach den Grunds\u00e4tzen der Richtigkeit, Rechtm\u00e4\u00dfigkeit, Transparenz und des Schutzes Ihrer Privatsph\u00e4re und Ihrer Rechte verarbeitet.<\/p>\n<p>Die Datenverarbeitung erfolgt mit manuellen, telematischen und IT-Methoden; Sicherheitsma\u00dfnahmen getroffen werden, um die Risiken des unbefugten Zugriffs, der Zerst\u00f6rung oder des Verlustes, einer unzul\u00e4ssigen oder nicht dem Zweck der Sammlung entsprechenden Behandlung zu vermeiden.<\/p>\n<p><strong>Kategorien der verarbeiteten personenbezogenen Daten<\/strong><\/p>\n<p>Arredo Service 4.0 Srl verarbeitet die folgenden personenbezogenen Daten:<\/p>\n<p>&#8211; Personenbezogene Daten, Wohn- oder Wohnsitzadresse und Kontaktdaten (Telefon, E-Mail-Adresse);<\/p>\n<p>&#8211; Bank- und \/ oder Zahlungs- und Inkassodaten im Zusammenhang mit Buchhaltung und Steuerverwaltung;<\/p>\n<p>&#8211; Buchhaltungs-, Steuer- und Verwaltungsdaten im Allgemeinen aus ausgestellten und erhaltenen Steuerrechnungen \/ Quittungen und allen anderen Dokumenten, die an uns geliefert werden.<\/p>\n<p><strong>Zweck der Verarbeitung<\/strong><\/p>\n<p>Die Verarbeitung dient der richtigen und vollst\u00e4ndigen Abwicklung des Vertrags-\/Gesch\u00e4ftsverh\u00e4ltnisses zwischen den Parteien, die angegebenen Daten werden zu folgenden Zwecken verarbeitet:<\/p>\n<ol>\n<li>Erf\u00fcllung der Verpflichtungen im Bereich Rechnungswesen und Steuern, die durch die geltenden Gesetze in Bezug auf die bestehende Gesch\u00e4ftsbeziehung auferlegt werden;<\/li>\n<li>jede andere Pflichterf\u00fcllung, die durch steuerliche, zivilrechtliche und sozialversicherungsrechtliche Vorschriften vorgeschrieben ist<\/li>\n<\/ol>\n<p><strong>Rechtsgrundlage der Verarbeitung<\/strong><\/p>\n<p>Arredo Service 4.0 Srl verarbeitet Ihre personenbezogenen Daten rechtm\u00e4\u00dfig, wenn die Behandlung:<\/p>\n<p>&#8211; f\u00fcr die Durchf\u00fchrung der Vertrags- oder Gesch\u00e4ftsbeziehung erforderlich ist;<\/p>\n<p>&#8211; es zur Erf\u00fcllung einer drohenden steuerlichen und\/oder sozialversicherungsrechtlichen und\/oder gesetzlichen Verpflichtung erforderlich ist;<\/p>\n<p><strong>Folgen der Nichtweitergabe personenbezogener Daten<\/strong><\/p>\n<p>In Bezug auf personenbezogene Daten, die sich auf die Durchf\u00fchrung des Vertrags- \/ Gesch\u00e4ftsverh\u00e4ltnisses, dessen Vertragspartei Sie sind, oder zur Erf\u00fcllung einer beh\u00f6rdlichen Verpflichtung beziehen, verhindert die Nichtweitergabe personenbezogener Daten die Abwicklung des Vertrags- \/ Gesch\u00e4ftsverh\u00e4ltnisses selbst.<\/p>\n<p><strong>Kategorien von Dritten, an die die Daten weitergegeben werden k\u00f6nnen<\/strong><\/p>\n<p>Ihre personenbezogenen Daten k\u00f6nnen weitergegeben werden an:<\/p>\n<ol>\n<li>Berater und \/ oder Buchhalter, die funktionale Dienstleistungen f\u00fcr die oben genannten Zwecke erbringen;<\/li>\n<li>Bank- und Versicherungsinstitute, die funktionale Dienstleistungen f\u00fcr die oben genannten Zwecke erbringen;<\/li>\n<li>Personen, die Daten zur Erf\u00fcllung bestimmter gesetzlicher Verpflichtungen verarbeiten;<\/li>\n<\/ol>\n<p><strong>Dauer der Verarbeitung und Aufbewahrungsfrist<\/strong><\/p>\n<p>Die Daten werden nur so lange verarbeitet, wie es f\u00fcr die aufgef\u00fchrten Zwecke erforderlich ist, sie werden f\u00fcr die Dauer des Vertrags- oder Berufsverh\u00e4ltnisses aufbewahrt.<\/p>\n<p><strong>Profilerstellung und Weitergabe von Daten<\/strong><\/p>\n<p>Ihre personenbezogenen Daten unterliegen keiner Offenlegung oder einem vollautomatisierten Entscheidungsprozess, einschlie\u00dflich Profiling.<\/p>\n<p>Zugangs-, L\u00f6schungs-, Beschr\u00e4nkungs- und \u00dcbertragbarkeitsrechte<\/p>\n<p>Den Interessenten stehen die in den Artikeln genannten Rechte zu. 15 bis 20 DSGVO. Jeder Interessent kann beispielsweise:<\/p>\n<ol>\n<li>eine Best\u00e4tigung dar\u00fcber zu erhalten, ob sie betreffende personenbezogene Daten verarbeitet werden;<\/li>\n<li>wenn eine Verarbeitung im Gange ist, Zugang zu personenbezogenen Daten und Informationen \u00fcber die Verarbeitung zu erhalten und eine Kopie der personenbezogenen Daten anzufordern;<\/li>\n<li>die Berichtigung unrichtiger personenbezogener Daten und die Erg\u00e4nzung unvollst\u00e4ndiger personenbezogener Daten verlangen;<\/li>\n<li>erhalten, wenn eine der in Art. 17 DSGVO die L\u00f6schung der ihn betreffenden personenbezogenen Daten;<\/li>\n<li>erhalten, in den F\u00e4llen nach Art. 18 DSGVO, die Einschr\u00e4nkung der Verarbeitung;<\/li>\n<li>personenbezogene Daten, die ihn betreffen, in einem strukturierten Format erhalten, das allgemein verwendet und von einem automatischen Ger\u00e4t gelesen werden kann, und deren \u00dcbermittlung an einen anderen Eigent\u00fcmer verlangen, sofern dies technisch machbar ist.<\/li>\n<\/ol>\n<p><strong>Widerspruchsrecht<\/strong><\/p>\n<p>Jeder Interessent hat das Recht, jederzeit der Verarbeitung seiner personenbezogenen Daten zur Verfolgung eines berechtigten Interesses des Datenverantwortlichen zu widersprechen. Im Falle des Widerspruchs werden Ihre personenbezogenen Daten nicht mehr verarbeitet, es sei denn, es liegen berechtigte Gr\u00fcnde f\u00fcr die Verarbeitung vor, die die Interessen, Rechte und Freiheiten der betroffenen Person \u00fcberwiegen oder zur Beurteilung, Aus\u00fcbung oder Verteidigung eines Rechts dienen vor Gericht.<\/p>\n<p>Recht auf Widerruf der Einwilligung<\/p>\n<p>F\u00fcr den Fall, dass f\u00fcr die Verarbeitung personenbezogener Daten eine Einwilligung erforderlich ist, kann jeder Interessent auch die bereits erteilte Einwilligung jederzeit widerrufen. Die Einwilligung kann durch eine E-Mail an info@arredoserviceitalia.it widerrufen werden. Die vor dem Widerruf erfolgte Einwilligungsbehandlung beh\u00e4lt jedoch ihre Rechtm\u00e4\u00dfigkeit;<\/p>\n<p>Recht auf Beschwerde beim Garantiegeber<\/p>\n<p>Dar\u00fcber hinaus kann jeder Interessent eine Beschwerde beim Garanten f\u00fcr den Schutz personenbezogener Daten einreichen, wenn er der Meinung ist, dass er die ihr gem\u00e4\u00df der DSGVO zustehenden Rechte in der auf der Website des Garantiegebers angegebenen Weise verletzt hat, die unter der Adresse www.garanteprivacy.it zug\u00e4nglich ist.<\/p>\n<p>Die Aus\u00fcbung der Rechte des Interessenten ist kostenlos.<\/p>\n<p>Ist die Person, die die Daten bereitstellt, j\u00fcnger als 18 Jahre, ist diese Verarbeitung nur dann rechtm\u00e4\u00dfig, wenn und soweit eine solche Einwilligung von mindestens einem der elterlichen Sorge, f\u00fcr den die Identifizierungsdaten erhoben werden, erteilt oder genehmigt wurde und eine Kopie des das Ausweisdokument.<\/p>\n<\/div><\/section><!-- \/wp:post-content -->","protected":false},"excerpt":{"rendered":"","protected":false},"author":1,"featured_media":0,"parent":0,"menu_order":0,"comment_status":"closed","ping_status":"closed","template":"","meta":{"footnotes":""},"class_list":["post-1358","page","type-page","status-publish","hentry"],"yoast_head":"<!-- This site is optimized with the Yoast SEO plugin v26.7 - https:\/\/yoast.com\/wordpress\/plugins\/seo\/ -->\n<title>Privatsphaere - Arredo Service 4.0<\/title>\n<meta name=\"robots\" content=\"index, follow, max-snippet:-1, max-image-preview:large, max-video-preview:-1\" \/>\n<link rel=\"canonical\" href=\"https:\/\/arredoserviceitalia.it\/de\/privatsphaere\/\" \/>\n<meta property=\"og:locale\" content=\"de_DE\" \/>\n<meta property=\"og:type\" content=\"article\" \/>\n<meta property=\"og:title\" content=\"Privatsphaere - Arredo Service 4.0\" \/>\n<meta property=\"og:url\" content=\"https:\/\/arredoserviceitalia.it\/de\/privatsphaere\/\" \/>\n<meta property=\"og:site_name\" content=\"Arredo Service 4.0\" \/>\n<meta property=\"article:publisher\" content=\"https:\/\/www.facebook.com\/arredoserviceitalia\" \/>\n<meta property=\"article:modified_time\" content=\"2021-07-21T17:50:38+00:00\" \/>\n<meta name=\"twitter:card\" content=\"summary_large_image\" \/>\n<meta name=\"twitter:label1\" content=\"Gesch\u00e4tzte Lesezeit\" \/>\n\t<meta name=\"twitter:data1\" content=\"5\u00a0Minuten\" \/>\n<script type=\"application\/ld+json\" class=\"yoast-schema-graph\">{\"@context\":\"https:\/\/schema.org\",\"@graph\":[{\"@type\":\"WebPage\",\"@id\":\"https:\/\/arredoserviceitalia.it\/de\/privatsphaere\/\",\"url\":\"https:\/\/arredoserviceitalia.it\/de\/privatsphaere\/\",\"name\":\"Privatsphaere - Arredo Service 4.0\",\"isPartOf\":{\"@id\":\"https:\/\/arredoserviceitalia.it\/#website\"},\"datePublished\":\"2020-11-11T08:50:33+00:00\",\"dateModified\":\"2021-07-21T17:50:38+00:00\",\"breadcrumb\":{\"@id\":\"https:\/\/arredoserviceitalia.it\/de\/privatsphaere\/#breadcrumb\"},\"inLanguage\":\"de\",\"potentialAction\":[{\"@type\":\"ReadAction\",\"target\":[\"https:\/\/arredoserviceitalia.it\/de\/privatsphaere\/\"]}]},{\"@type\":\"BreadcrumbList\",\"@id\":\"https:\/\/arredoserviceitalia.it\/de\/privatsphaere\/#breadcrumb\",\"itemListElement\":[{\"@type\":\"ListItem\",\"position\":1,\"name\":\"Home\",\"item\":\"https:\/\/arredoserviceitalia.it\/de\/homepage\/\"},{\"@type\":\"ListItem\",\"position\":2,\"name\":\"Privatsphaere\"}]},{\"@type\":\"WebSite\",\"@id\":\"https:\/\/arredoserviceitalia.it\/#website\",\"url\":\"https:\/\/arredoserviceitalia.it\/\",\"name\":\"Arredo Service 4.0\",\"description\":\"Montaggio arredi negozi e centri commerciali\",\"publisher\":{\"@id\":\"https:\/\/arredoserviceitalia.it\/#organization\"},\"potentialAction\":[{\"@type\":\"SearchAction\",\"target\":{\"@type\":\"EntryPoint\",\"urlTemplate\":\"https:\/\/arredoserviceitalia.it\/?s={search_term_string}\"},\"query-input\":{\"@type\":\"PropertyValueSpecification\",\"valueRequired\":true,\"valueName\":\"search_term_string\"}}],\"inLanguage\":\"de\"},{\"@type\":\"Organization\",\"@id\":\"https:\/\/arredoserviceitalia.it\/#organization\",\"name\":\"Arredo Service 4.0\",\"url\":\"https:\/\/arredoserviceitalia.it\/\",\"logo\":{\"@type\":\"ImageObject\",\"inLanguage\":\"de\",\"@id\":\"https:\/\/arredoserviceitalia.it\/#\/schema\/logo\/image\/\",\"url\":\"https:\/\/arredoserviceitalia.it\/wp-content\/uploads\/2021\/03\/logo-arredoservice.png\",\"contentUrl\":\"https:\/\/arredoserviceitalia.it\/wp-content\/uploads\/2021\/03\/logo-arredoservice.png\",\"width\":493,\"height\":156,\"caption\":\"Arredo Service 4.0\"},\"image\":{\"@id\":\"https:\/\/arredoserviceitalia.it\/#\/schema\/logo\/image\/\"},\"sameAs\":[\"https:\/\/www.facebook.com\/arredoserviceitalia\",\"https:\/\/www.linkedin.com\/company\/arredoservice\/\"]}]}<\/script>\n<!-- \/ Yoast SEO plugin. -->","yoast_head_json":{"title":"Privatsphaere - Arredo Service 4.0","robots":{"index":"index","follow":"follow","max-snippet":"max-snippet:-1","max-image-preview":"max-image-preview:large","max-video-preview":"max-video-preview:-1"},"canonical":"https:\/\/arredoserviceitalia.it\/de\/privatsphaere\/","og_locale":"de_DE","og_type":"article","og_title":"Privatsphaere - Arredo Service 4.0","og_url":"https:\/\/arredoserviceitalia.it\/de\/privatsphaere\/","og_site_name":"Arredo Service 4.0","article_publisher":"https:\/\/www.facebook.com\/arredoserviceitalia","article_modified_time":"2021-07-21T17:50:38+00:00","twitter_card":"summary_large_image","twitter_misc":{"Gesch\u00e4tzte Lesezeit":"5\u00a0Minuten"},"schema":{"@context":"https:\/\/schema.org","@graph":[{"@type":"WebPage","@id":"https:\/\/arredoserviceitalia.it\/de\/privatsphaere\/","url":"https:\/\/arredoserviceitalia.it\/de\/privatsphaere\/","name":"Privatsphaere - Arredo Service 4.0","isPartOf":{"@id":"https:\/\/arredoserviceitalia.it\/#website"},"datePublished":"2020-11-11T08:50:33+00:00","dateModified":"2021-07-21T17:50:38+00:00","breadcrumb":{"@id":"https:\/\/arredoserviceitalia.it\/de\/privatsphaere\/#breadcrumb"},"inLanguage":"de","potentialAction":[{"@type":"ReadAction","target":["https:\/\/arredoserviceitalia.it\/de\/privatsphaere\/"]}]},{"@type":"BreadcrumbList","@id":"https:\/\/arredoserviceitalia.it\/de\/privatsphaere\/#breadcrumb","itemListElement":[{"@type":"ListItem","position":1,"name":"Home","item":"https:\/\/arredoserviceitalia.it\/de\/homepage\/"},{"@type":"ListItem","position":2,"name":"Privatsphaere"}]},{"@type":"WebSite","@id":"https:\/\/arredoserviceitalia.it\/#website","url":"https:\/\/arredoserviceitalia.it\/","name":"Arredo Service 4.0","description":"Montaggio arredi negozi e centri commerciali","publisher":{"@id":"https:\/\/arredoserviceitalia.it\/#organization"},"potentialAction":[{"@type":"SearchAction","target":{"@type":"EntryPoint","urlTemplate":"https:\/\/arredoserviceitalia.it\/?s={search_term_string}"},"query-input":{"@type":"PropertyValueSpecification","valueRequired":true,"valueName":"search_term_string"}}],"inLanguage":"de"},{"@type":"Organization","@id":"https:\/\/arredoserviceitalia.it\/#organization","name":"Arredo Service 4.0","url":"https:\/\/arredoserviceitalia.it\/","logo":{"@type":"ImageObject","inLanguage":"de","@id":"https:\/\/arredoserviceitalia.it\/#\/schema\/logo\/image\/","url":"https:\/\/arredoserviceitalia.it\/wp-content\/uploads\/2021\/03\/logo-arredoservice.png","contentUrl":"https:\/\/arredoserviceitalia.it\/wp-content\/uploads\/2021\/03\/logo-arredoservice.png","width":493,"height":156,"caption":"Arredo Service 4.0"},"image":{"@id":"https:\/\/arredoserviceitalia.it\/#\/schema\/logo\/image\/"},"sameAs":["https:\/\/www.facebook.com\/arredoserviceitalia","https:\/\/www.linkedin.com\/company\/arredoservice\/"]}]}},"_links":{"self":[{"href":"https:\/\/arredoserviceitalia.it\/de\/wp-json\/wp\/v2\/pages\/1358","targetHints":{"allow":["GET"]}}],"collection":[{"href":"https:\/\/arredoserviceitalia.it\/de\/wp-json\/wp\/v2\/pages"}],"about":[{"href":"https:\/\/arredoserviceitalia.it\/de\/wp-json\/wp\/v2\/types\/page"}],"author":[{"embeddable":true,"href":"https:\/\/arredoserviceitalia.it\/de\/wp-json\/wp\/v2\/users\/1"}],"replies":[{"embeddable":true,"href":"https:\/\/arredoserviceitalia.it\/de\/wp-json\/wp\/v2\/comments?post=1358"}],"version-history":[{"count":10,"href":"https:\/\/arredoserviceitalia.it\/de\/wp-json\/wp\/v2\/pages\/1358\/revisions"}],"predecessor-version":[{"id":3156,"href":"https:\/\/arredoserviceitalia.it\/de\/wp-json\/wp\/v2\/pages\/1358\/revisions\/3156"}],"wp:attachment":[{"href":"https:\/\/arredoserviceitalia.it\/de\/wp-json\/wp\/v2\/media?parent=1358"}],"curies":[{"name":"wp","href":"https:\/\/api.w.org\/{rel}","templated":true}]}}