{"id":2937,"date":"2021-07-20T22:31:22","date_gmt":"2021-07-20T21:31:22","guid":{"rendered":"https:\/\/arredoserviceitalia.it\/?page_id=2937\/"},"modified":"2021-07-20T23:19:28","modified_gmt":"2021-07-20T22:19:28","slug":"dienstleistungen","status":"publish","type":"page","link":"https:\/\/arredoserviceitalia.it\/de\/dienstleistungen\/","title":{"rendered":"Dienstleistungen"},"content":{"rendered":"\n<style type=\"text\/css\" data-created_by=\"avia_inline_auto\" id=\"style-css-av-78ue9w-f2de3e3607640c8c8223cbdeeb09f2c6\">\n.avia-section.av-78ue9w-f2de3e3607640c8c8223cbdeeb09f2c6{\nbackground-color:#f07f0f;\nbackground-image:unset;\n}\n<\/style>\n<div id='av_section_1'  class='avia-section av-78ue9w-f2de3e3607640c8c8223cbdeeb09f2c6 main_color avia-section-huge avia-no-border-styling  avia-builder-el-0  el_before_av_section  avia-builder-el-first  avia-bg-style-scroll av-minimum-height av-minimum-height-custom av-height-custom  container_wrap fullsize'   data-av_minimum_height_px='100'><div class='container av-section-cont-open' style='height:100px'><main  role=\"main\" itemprop=\"mainContentOfPage\"  class='template-page content  av-content-full alpha units'><div class='post-entry post-entry-type-page post-entry-2937'><div class='entry-content-wrapper clearfix'>\n\n<style type=\"text\/css\" data-created_by=\"avia_inline_auto\" id=\"style-css-av-krckmmlk-d8ab679af9fa36e853f5cde6356b830b\">\n#top .av-special-heading.av-krckmmlk-d8ab679af9fa36e853f5cde6356b830b{\npadding-bottom:0;\ncolor:#ffffff;\nfont-size:90px;\n}\nbody .av-special-heading.av-krckmmlk-d8ab679af9fa36e853f5cde6356b830b .av-special-heading-tag .heading-char{\nfont-size:25px;\n}\n#top #wrap_all .av-special-heading.av-krckmmlk-d8ab679af9fa36e853f5cde6356b830b .av-special-heading-tag{\nfont-size:90px;\n}\n.av-special-heading.av-krckmmlk-d8ab679af9fa36e853f5cde6356b830b .special-heading-inner-border{\nborder-color:#ffffff;\n}\n.av-special-heading.av-krckmmlk-d8ab679af9fa36e853f5cde6356b830b .av-subheading{\nfont-size:18px;\n}\n\n@media only screen and (min-width: 480px) and (max-width: 767px){ \n#top #wrap_all .av-special-heading.av-krckmmlk-d8ab679af9fa36e853f5cde6356b830b .av-special-heading-tag{\nfont-size:0.8em;\n}\n}\n\n@media only screen and (max-width: 479px){ \n#top #wrap_all .av-special-heading.av-krckmmlk-d8ab679af9fa36e853f5cde6356b830b .av-special-heading-tag{\nfont-size:0.8em;\n}\n}\n<\/style>\n<div  class='av-special-heading av-krckmmlk-d8ab679af9fa36e853f5cde6356b830b av-special-heading-h3 custom-color-heading blockquote modern-quote modern-centered  avia-builder-el-1  avia-builder-el-no-sibling  av-inherit-size'><h3 class='av-special-heading-tag '  itemprop=\"headline\"  >Dienstleistungen<\/h3><div class='av_custom_color av-subheading av-subheading_below'><p>Wir wollen nicht nur Lieferant sein, sondern Ihr zuverl\u00e4ssiger Partner.<\/p>\n<\/div><div class=\"special-heading-border\"><div class=\"special-heading-inner-border\"><\/div><\/div><\/div>\n\n<\/div><\/div><\/main><!-- close content main element --><\/div><\/div>\n<style type=\"text\/css\" data-created_by=\"avia_inline_auto\" id=\"style-css-av-78ue9w-5a71cf9063ffbbb8229cde4a2f19d80b\">\n.avia-section.av-78ue9w-5a71cf9063ffbbb8229cde4a2f19d80b{\nbackground-color:#f9faff;\nbackground-image:url(https:\/\/arredoserviceitalia.it\/wp-content\/uploads\/2021\/03\/montaggio.png);\nbackground-repeat:no-repeat;\nbackground-position:50% 50%;\nbackground-attachment:fixed;\n}\n<\/style>\n<div id='av_section_2'  class='avia-section av-78ue9w-5a71cf9063ffbbb8229cde4a2f19d80b main_color avia-section-small avia-no-border-styling  avia-builder-el-2  el_after_av_section  el_before_av_section  avia-full-stretch avia-bg-style-fixed container_wrap fullsize'  data-section-bg-repeat='stretch'><div class='container av-section-cont-open' ><div class='template-page content  av-content-full alpha units'><div class='post-entry post-entry-type-page post-entry-2937'><div class='entry-content-wrapper clearfix'>\n\n<style type=\"text\/css\" data-created_by=\"avia_inline_auto\" id=\"style-css-av-xao9o-1edc131dac66ffec20d0b72f9b8799f5\">\n#top .flex_column.av-xao9o-1edc131dac66ffec20d0b72f9b8799f5{\nmargin-top:0px;\nmargin-bottom:0px;\n}\n.flex_column.av-xao9o-1edc131dac66ffec20d0b72f9b8799f5{\nborder-radius:0px 0px 0px 0px;\npadding:0px 0px 0px 0px;\n}\n.responsive #top #wrap_all .flex_column.av-xao9o-1edc131dac66ffec20d0b72f9b8799f5{\nmargin-top:0px;\nmargin-bottom:0px;\n}\n<\/style>\n<div  class='flex_column av-xao9o-1edc131dac66ffec20d0b72f9b8799f5 av_one_fourth  avia-builder-el-3  el_before_av_three_fourth  avia-builder-el-first  first flex_column_div av-zero-column-padding  '     ><\/div>\n<style type=\"text\/css\" data-created_by=\"avia_inline_auto\" id=\"style-css-av-xao9o-ac6c53a4d776db177eea463f470c0ec5\">\n#top .flex_column.av-xao9o-ac6c53a4d776db177eea463f470c0ec5{\nmargin-top:0px;\nmargin-bottom:0px;\n}\n.flex_column.av-xao9o-ac6c53a4d776db177eea463f470c0ec5{\nborder-radius:0px 0px 0px 0px;\npadding:30px 0px 0px 0px;\n}\n.responsive #top #wrap_all .flex_column.av-xao9o-ac6c53a4d776db177eea463f470c0ec5{\nmargin-top:0px;\nmargin-bottom:0px;\n}\n<\/style>\n<div  class='flex_column av-xao9o-ac6c53a4d776db177eea463f470c0ec5 av_three_fourth  avia-builder-el-4  el_after_av_one_fourth  avia-builder-el-last  flex_column_div  '     ><p><section  class='av_textblock_section av-kh4tp799-a529e804416f56f44bbf580aef9cb093 '   itemscope=\"itemscope\" itemtype=\"https:\/\/schema.org\/CreativeWork\" ><div class='avia_textblock'  itemprop=\"text\" ><p>Arredo Service 4.0 entwickelt seine Dienste mit Ad-hoc-L\u00f6sungen, die immer profiliert, \u00fcberwacht und mit dem Kunden geteilt werden. Von internen Vertragsdienstleistungen \u00fcber Eingriffe in Flughafenbereichen bis hin zur Betreuung und Wartung von Kassen und M\u00fcnzautomaten bieten wir spezifische Dienstleistungen f\u00fcr Gro\u00dfverteiler, Flugh\u00e4fen, Franchising, Superm\u00e4rkte, Ho.re.ca und Shops im Allgemeinen.<\/p>\n<p>Eine Reihe m\u00f6glicher L\u00f6sungen dank eines Teams von Fachleuten in st\u00e4ndiger Weiterbildung und eines sorgf\u00e4ltigen Managementkontrollsystems, das es uns erm\u00f6glicht, den Betriebsablauf in Echtzeit zu \u00fcberwachen.<\/p>\n<\/div><\/section><br \/>\n<div  id=\"av-sc-portfolio-1\"  class=\"av-portfolio-grid-sorting-container\"><div class='sort_width_container  av-sort-yes' data-portfolio-id='1' ><div id='js_sort_items' ><div class='sort_by_cat hidden'><a href=\"#\" data-filter=\"all_sort\" class=\"all_sort_button active_sort\"><span class=\"inner_sort_button\"><span>Alle<\/span><small class=\"av-cat-count\"> 6 <\/small><\/span><\/a><span class=\"text-sep dienstleistungen_sort_sep\">\/<\/span><a href=\"#\" data-filter=\"dienstleistungen_sort\" class=\"dienstleistungen_sort_button\" ><span class=\"inner_sort_button\"><span>Dienstleistungen<\/span><small class=\"av-cat-count\"> 6 <\/small><\/span><\/a><\/div><\/div><\/div><div  class=' grid-sort-container isotope   no_margin-container with-excerpt-container grid-total-even grid-col-3 grid-links-' data-portfolio-id='1'><div data-ajax-id='3091' class=' grid-entry flex_column isotope-item all_sort no_margin post-entry post-entry-3091 grid-entry-overview grid-loop-1 grid-parity-odd   av_one_third first default_av_fullwidth '><article class='main_color inner-entry'  itemscope=\"itemscope\" itemtype=\"https:\/\/schema.org\/CreativeWork\" ><a href=\"https:\/\/arredoserviceitalia.it\/de\/servizi\/moebelmontage\/\" title='M\u00f6belmontage'  data-rel='grid-1' class='grid-image avia-hover-fx'> <img decoding=\"async\" fetchpriority=\"high\" width=\"495\" height=\"400\" src=\"https:\/\/arredoserviceitalia.it\/wp-content\/uploads\/2021\/03\/montaggio-arredi-495x400.jpg\" class=\"wp-image-2626 avia-img-lazy-loading-not-2626 attachment-portfolio size-portfolio wp-post-image\" alt=\"\" srcset=\"https:\/\/arredoserviceitalia.it\/wp-content\/uploads\/2021\/03\/montaggio-arredi.jpg 495w, https:\/\/arredoserviceitalia.it\/wp-content\/uploads\/2021\/03\/montaggio-arredi-300x242.jpg 300w\" sizes=\"(max-width: 495px) 100vw, 495px\" \/><\/a><div class='grid-content'><div class='avia-arrow'><\/div><header class=\"entry-content-header\" aria-label=\"Portfolio: M\u00f6belmontage\"><h3 class='grid-entry-title entry-title '  itemprop=\"headline\" ><a href='https:\/\/arredoserviceitalia.it\/de\/servizi\/moebelmontage\/' title='M\u00f6belmontage'>M\u00f6belmontage<\/a><\/h3><\/header><\/div><footer class=\"entry-footer\"><\/footer><\/article><\/div><div data-ajax-id='3100' class=' grid-entry flex_column isotope-item all_sort no_margin post-entry post-entry-3100 grid-entry-overview grid-loop-2 grid-parity-even  dienstleistungen_sort dienstleistungen_sort dienstleistungen_sort dienstleistungen_sort dienstleistungen_sort dienstleistungen_sort  av_one_third  default_av_fullwidth '><article class='main_color inner-entry'  itemscope=\"itemscope\" itemtype=\"https:\/\/schema.org\/CreativeWork\" ><a href=\"https:\/\/arredoserviceitalia.it\/de\/servizi\/hilfe-bei-kassen-und-einkaufswagen\/\" title='Hilfe bei Kassen und Einkaufswagen'  data-rel='grid-1' class='grid-image avia-hover-fx'> <img decoding=\"async\" fetchpriority=\"high\" width=\"495\" height=\"400\" src=\"https:\/\/arredoserviceitalia.it\/wp-content\/uploads\/2021\/03\/banchi-cassa-1-495x400.jpg\" class=\"wp-image-5423 avia-img-lazy-loading-not-5423 attachment-portfolio size-portfolio wp-post-image\" alt=\"\" srcset=\"https:\/\/arredoserviceitalia.it\/wp-content\/uploads\/2021\/03\/banchi-cassa-1.jpg 495w, https:\/\/arredoserviceitalia.it\/wp-content\/uploads\/2021\/03\/banchi-cassa-1-300x242.jpg 300w\" sizes=\"(max-width: 495px) 100vw, 495px\" \/><\/a><div class='grid-content'><div class='avia-arrow'><\/div><header class=\"entry-content-header\" aria-label=\"Portfolio: Hilfe bei Kassen und Einkaufswagen\"><h3 class='grid-entry-title entry-title '  itemprop=\"headline\" ><a href='https:\/\/arredoserviceitalia.it\/de\/servizi\/hilfe-bei-kassen-und-einkaufswagen\/' title='Hilfe bei Kassen und Einkaufswagen'>Hilfe bei Kassen und Einkaufswagen<\/a><\/h3><\/header><\/div><footer class=\"entry-footer\"><\/footer><\/article><\/div><div data-ajax-id='3113' class=' grid-entry flex_column isotope-item all_sort no_margin post-entry post-entry-3113 grid-entry-overview grid-loop-3 grid-parity-odd   av_one_third  default_av_fullwidth '><article class='main_color inner-entry'  itemscope=\"itemscope\" itemtype=\"https:\/\/schema.org\/CreativeWork\" ><a href=\"https:\/\/arredoserviceitalia.it\/de\/servizi\/transport-und-logistik\/\" title='Transport und Logistik'  data-rel='grid-1' class='grid-image avia-hover-fx'> <img decoding=\"async\" fetchpriority=\"high\" width=\"495\" height=\"400\" src=\"https:\/\/arredoserviceitalia.it\/wp-content\/uploads\/2021\/03\/trasporto-495x400.jpg\" class=\"wp-image-5410 avia-img-lazy-loading-not-5410 attachment-portfolio size-portfolio wp-post-image\" alt=\"\" srcset=\"https:\/\/arredoserviceitalia.it\/wp-content\/uploads\/2021\/03\/trasporto.jpg 495w, https:\/\/arredoserviceitalia.it\/wp-content\/uploads\/2021\/03\/trasporto-300x242.jpg 300w\" sizes=\"(max-width: 495px) 100vw, 495px\" \/><\/a><div class='grid-content'><div class='avia-arrow'><\/div><header class=\"entry-content-header\" aria-label=\"Portfolio: Transport und Logistik\"><h3 class='grid-entry-title entry-title '  itemprop=\"headline\" ><a href='https:\/\/arredoserviceitalia.it\/de\/servizi\/transport-und-logistik\/' title='Transport und Logistik'>Transport und Logistik<\/a><\/h3><\/header><\/div><footer class=\"entry-footer\"><\/footer><\/article><\/div><div data-ajax-id='3128' class=' grid-entry flex_column isotope-item all_sort no_margin post-entry post-entry-3128 grid-entry-overview grid-loop-4 grid-parity-even   av_one_third first default_av_fullwidth '><article class='main_color inner-entry'  itemscope=\"itemscope\" itemtype=\"https:\/\/schema.org\/CreativeWork\" ><a href=\"https:\/\/arredoserviceitalia.it\/de\/servizi\/bauarbeiten\/\" title='Bauarbeiten'  data-rel='grid-1' class='grid-image avia-hover-fx'> <img decoding=\"async\" fetchpriority=\"high\" width=\"495\" height=\"400\" src=\"https:\/\/arredoserviceitalia.it\/wp-content\/uploads\/2021\/03\/lavoroi-edili-495x400.jpg\" class=\"wp-image-5429 avia-img-lazy-loading-not-5429 attachment-portfolio size-portfolio wp-post-image\" alt=\"\" srcset=\"https:\/\/arredoserviceitalia.it\/wp-content\/uploads\/2021\/03\/lavoroi-edili.jpg 495w, https:\/\/arredoserviceitalia.it\/wp-content\/uploads\/2021\/03\/lavoroi-edili-300x242.jpg 300w\" sizes=\"(max-width: 495px) 100vw, 495px\" \/><\/a><div class='grid-content'><div class='avia-arrow'><\/div><header class=\"entry-content-header\" aria-label=\"Portfolio: Bauarbeiten\"><h3 class='grid-entry-title entry-title '  itemprop=\"headline\" ><a href='https:\/\/arredoserviceitalia.it\/de\/servizi\/bauarbeiten\/' title='Bauarbeiten'>Bauarbeiten<\/a><\/h3><\/header><\/div><footer class=\"entry-footer\"><\/footer><\/article><\/div><div data-ajax-id='4846' class=' grid-entry flex_column isotope-item all_sort no_margin post-entry post-entry-4846 grid-entry-overview grid-loop-5 grid-parity-odd   av_one_third  default_av_fullwidth '><article class='main_color inner-entry'  itemscope=\"itemscope\" itemtype=\"https:\/\/schema.org\/CreativeWork\" ><a href=\"https:\/\/arredoserviceitalia.it\/de\/servizi\/unterstuetzung-der-muenzschublade\/\" title='Unterst\u00fctzung der M\u00fcnzschublade'  data-rel='grid-1' class='grid-image avia-hover-fx'> <img decoding=\"async\" fetchpriority=\"high\" width=\"495\" height=\"400\" src=\"https:\/\/arredoserviceitalia.it\/wp-content\/uploads\/2024\/07\/img_cassetti_portamoneta.jpg\" class=\"wp-image-5494 avia-img-lazy-loading-not-5494 attachment-portfolio size-portfolio wp-post-image\" alt=\"\" srcset=\"https:\/\/arredoserviceitalia.it\/wp-content\/uploads\/2024\/07\/img_cassetti_portamoneta.jpg 495w, https:\/\/arredoserviceitalia.it\/wp-content\/uploads\/2024\/07\/img_cassetti_portamoneta-300x242.jpg 300w\" sizes=\"(max-width: 495px) 100vw, 495px\" \/><\/a><div class='grid-content'><div class='avia-arrow'><\/div><header class=\"entry-content-header\" aria-label=\"Portfolio: Unterst\u00fctzung der M\u00fcnzschublade\"><h3 class='grid-entry-title entry-title '  itemprop=\"headline\" ><a href='https:\/\/arredoserviceitalia.it\/de\/servizi\/unterstuetzung-der-muenzschublade\/' title='Unterst\u00fctzung der M\u00fcnzschublade'>Unterst\u00fctzung der M\u00fcnzschublade<\/a><\/h3><\/header><\/div><footer class=\"entry-footer\"><\/footer><\/article><\/div><div data-ajax-id='3145' class=' grid-entry flex_column isotope-item all_sort no_margin post-entry post-entry-3145 grid-entry-overview grid-loop-6 grid-parity-even  post-entry-last   av_one_third  default_av_fullwidth '><article class='main_color inner-entry'  itemscope=\"itemscope\" itemtype=\"https:\/\/schema.org\/CreativeWork\" ><a href=\"https:\/\/arredoserviceitalia.it\/de\/servizi\/eingriffe-in-flughafenbereichen\/\" title='Eingriffe in Flughafenbereichen'  data-rel='grid-1' class='grid-image avia-hover-fx'> <img decoding=\"async\" fetchpriority=\"high\" width=\"495\" height=\"400\" src=\"https:\/\/arredoserviceitalia.it\/wp-content\/uploads\/2021\/03\/aeroporto-495x400.jpg\" class=\"wp-image-5413 avia-img-lazy-loading-not-5413 attachment-portfolio size-portfolio wp-post-image\" alt=\"\" srcset=\"https:\/\/arredoserviceitalia.it\/wp-content\/uploads\/2021\/03\/aeroporto.jpg 495w, https:\/\/arredoserviceitalia.it\/wp-content\/uploads\/2021\/03\/aeroporto-300x242.jpg 300w\" sizes=\"(max-width: 495px) 100vw, 495px\" \/><\/a><div class='grid-content'><div class='avia-arrow'><\/div><header class=\"entry-content-header\" aria-label=\"Portfolio: Eingriffe in Flughafenbereichen\"><h3 class='grid-entry-title entry-title '  itemprop=\"headline\" ><a href='https:\/\/arredoserviceitalia.it\/de\/servizi\/eingriffe-in-flughafenbereichen\/' title='Eingriffe in Flughafenbereichen'>Eingriffe in Flughafenbereichen<\/a><\/h3><\/header><\/div><footer class=\"entry-footer\"><\/footer><\/article><\/div><\/div><\/div>   <!--   class=\"av-portfolio-grid-sorting-container\"  --><\/p><\/div>\n\n<\/div><\/div><\/div><!-- close content main div --><\/div><\/div>\n<style type=\"text\/css\" data-created_by=\"avia_inline_auto\" id=\"style-css-av-kmnqkk0i-fa2aa79ca2ab426273bee1542296ae6d\">\n.avia-section.av-kmnqkk0i-fa2aa79ca2ab426273bee1542296ae6d{\nbackground-color:#3965ad;\nbackground-image:unset;\n}\n<\/style>\n<div id='av_section_3'  class='avia-section av-kmnqkk0i-fa2aa79ca2ab426273bee1542296ae6d main_color avia-section-default avia-no-border-styling  avia-builder-el-7  el_after_av_section  avia-builder-el-last  avia-bg-style-scroll container_wrap fullsize'  ><div class='container av-section-cont-open' ><div class='template-page content  av-content-full alpha units'><div class='post-entry post-entry-type-page post-entry-2937'><div class='entry-content-wrapper clearfix'>\n\n<style type=\"text\/css\" data-created_by=\"avia_inline_auto\" id=\"style-css-av-av_heading-b9d5b8edccdc881ab8dca7509fc25789\">\n#top .av-special-heading.av-av_heading-b9d5b8edccdc881ab8dca7509fc25789{\npadding-bottom:10px;\ncolor:#ffffff;\n}\nbody .av-special-heading.av-av_heading-b9d5b8edccdc881ab8dca7509fc25789 .av-special-heading-tag .heading-char{\nfont-size:25px;\n}\n.av-special-heading.av-av_heading-b9d5b8edccdc881ab8dca7509fc25789 .special-heading-inner-border{\nborder-color:#ffffff;\n}\n.av-special-heading.av-av_heading-b9d5b8edccdc881ab8dca7509fc25789 .av-subheading{\nfont-size:20px;\n}\n<\/style>\n<div  class='av-special-heading av-av_heading-b9d5b8edccdc881ab8dca7509fc25789 av-special-heading-h1 custom-color-heading blockquote modern-quote modern-centered  avia-builder-el-8  el_before_av_button  avia-builder-el-first '><h1 class='av-special-heading-tag '  itemprop=\"headline\"  >Ben\u00f6tigen Sie unseren Rat?<\/h1><div class=\"special-heading-border\"><div class=\"special-heading-inner-border\"><\/div><\/div><\/div>\n<div  class='avia-button-wrap av-7tcck-b973bb9271fcb2b2718a8cc7950e7a9c-wrap avia-button-center  avia-builder-el-9  el_after_av_heading  avia-builder-el-last '><a href='https:\/\/arredoserviceitalia.it\/de\/kontakte\/'  class='avia-button av-7tcck-b973bb9271fcb2b2718a8cc7950e7a9c av-link-btn avia-icon_select-no avia-size-x-large avia-position-center avia-color-light'   aria-label=\"Kontaktiere uns\"><span class='avia_iconbox_title' >Kontaktiere uns<\/span><\/a><\/div>\n\n","protected":false},"excerpt":{"rendered":"","protected":false},"author":2,"featured_media":0,"parent":0,"menu_order":0,"comment_status":"closed","ping_status":"closed","template":"","meta":{"footnotes":""},"class_list":["post-2937","page","type-page","status-publish","hentry"],"yoast_head":"<!-- This site is optimized with the Yoast SEO plugin v26.7 - https:\/\/yoast.com\/wordpress\/plugins\/seo\/ -->\n<title>Dienstleistungen - Arredo Service 4.0<\/title>\n<meta name=\"robots\" content=\"index, follow, max-snippet:-1, max-image-preview:large, max-video-preview:-1\" \/>\n<link rel=\"canonical\" href=\"https:\/\/arredoserviceitalia.it\/de\/dienstleistungen\/\" \/>\n<meta property=\"og:locale\" content=\"de_DE\" \/>\n<meta property=\"og:type\" content=\"article\" \/>\n<meta property=\"og:title\" content=\"Dienstleistungen - Arredo Service 4.0\" \/>\n<meta property=\"og:url\" content=\"https:\/\/arredoserviceitalia.it\/de\/dienstleistungen\/\" \/>\n<meta property=\"og:site_name\" content=\"Arredo Service 4.0\" \/>\n<meta property=\"article:publisher\" content=\"https:\/\/www.facebook.com\/arredoserviceitalia\" \/>\n<meta property=\"article:modified_time\" content=\"2021-07-20T22:19:28+00:00\" \/>\n<meta name=\"twitter:card\" content=\"summary_large_image\" \/>\n<meta name=\"twitter:label1\" content=\"Gesch\u00e4tzte Lesezeit\" \/>\n\t<meta name=\"twitter:data1\" content=\"6\u00a0Minuten\" \/>\n<script type=\"application\/ld+json\" class=\"yoast-schema-graph\">{\"@context\":\"https:\/\/schema.org\",\"@graph\":[{\"@type\":\"WebPage\",\"@id\":\"https:\/\/arredoserviceitalia.it\/de\/dienstleistungen\/\",\"url\":\"https:\/\/arredoserviceitalia.it\/de\/dienstleistungen\/\",\"name\":\"Dienstleistungen - Arredo Service 4.0\",\"isPartOf\":{\"@id\":\"https:\/\/arredoserviceitalia.it\/#website\"},\"datePublished\":\"2021-07-20T21:31:22+00:00\",\"dateModified\":\"2021-07-20T22:19:28+00:00\",\"breadcrumb\":{\"@id\":\"https:\/\/arredoserviceitalia.it\/de\/dienstleistungen\/#breadcrumb\"},\"inLanguage\":\"de\",\"potentialAction\":[{\"@type\":\"ReadAction\",\"target\":[\"https:\/\/arredoserviceitalia.it\/de\/dienstleistungen\/\"]}]},{\"@type\":\"BreadcrumbList\",\"@id\":\"https:\/\/arredoserviceitalia.it\/de\/dienstleistungen\/#breadcrumb\",\"itemListElement\":[{\"@type\":\"ListItem\",\"position\":1,\"name\":\"Home\",\"item\":\"https:\/\/arredoserviceitalia.it\/de\/homepage\/\"},{\"@type\":\"ListItem\",\"position\":2,\"name\":\"Dienstleistungen\"}]},{\"@type\":\"WebSite\",\"@id\":\"https:\/\/arredoserviceitalia.it\/#website\",\"url\":\"https:\/\/arredoserviceitalia.it\/\",\"name\":\"Arredo Service 4.0\",\"description\":\"Montaggio arredi negozi e centri commerciali\",\"publisher\":{\"@id\":\"https:\/\/arredoserviceitalia.it\/#organization\"},\"potentialAction\":[{\"@type\":\"SearchAction\",\"target\":{\"@type\":\"EntryPoint\",\"urlTemplate\":\"https:\/\/arredoserviceitalia.it\/?s={search_term_string}\"},\"query-input\":{\"@type\":\"PropertyValueSpecification\",\"valueRequired\":true,\"valueName\":\"search_term_string\"}}],\"inLanguage\":\"de\"},{\"@type\":\"Organization\",\"@id\":\"https:\/\/arredoserviceitalia.it\/#organization\",\"name\":\"Arredo Service 4.0\",\"url\":\"https:\/\/arredoserviceitalia.it\/\",\"logo\":{\"@type\":\"ImageObject\",\"inLanguage\":\"de\",\"@id\":\"https:\/\/arredoserviceitalia.it\/#\/schema\/logo\/image\/\",\"url\":\"https:\/\/arredoserviceitalia.it\/wp-content\/uploads\/2021\/03\/logo-arredoservice.png\",\"contentUrl\":\"https:\/\/arredoserviceitalia.it\/wp-content\/uploads\/2021\/03\/logo-arredoservice.png\",\"width\":493,\"height\":156,\"caption\":\"Arredo Service 4.0\"},\"image\":{\"@id\":\"https:\/\/arredoserviceitalia.it\/#\/schema\/logo\/image\/\"},\"sameAs\":[\"https:\/\/www.facebook.com\/arredoserviceitalia\",\"https:\/\/www.linkedin.com\/company\/arredoservice\/\"]}]}<\/script>\n<!-- \/ Yoast SEO plugin. -->","yoast_head_json":{"title":"Dienstleistungen - Arredo Service 4.0","robots":{"index":"index","follow":"follow","max-snippet":"max-snippet:-1","max-image-preview":"max-image-preview:large","max-video-preview":"max-video-preview:-1"},"canonical":"https:\/\/arredoserviceitalia.it\/de\/dienstleistungen\/","og_locale":"de_DE","og_type":"article","og_title":"Dienstleistungen - Arredo Service 4.0","og_url":"https:\/\/arredoserviceitalia.it\/de\/dienstleistungen\/","og_site_name":"Arredo Service 4.0","article_publisher":"https:\/\/www.facebook.com\/arredoserviceitalia","article_modified_time":"2021-07-20T22:19:28+00:00","twitter_card":"summary_large_image","twitter_misc":{"Gesch\u00e4tzte Lesezeit":"6\u00a0Minuten"},"schema":{"@context":"https:\/\/schema.org","@graph":[{"@type":"WebPage","@id":"https:\/\/arredoserviceitalia.it\/de\/dienstleistungen\/","url":"https:\/\/arredoserviceitalia.it\/de\/dienstleistungen\/","name":"Dienstleistungen - Arredo Service 4.0","isPartOf":{"@id":"https:\/\/arredoserviceitalia.it\/#website"},"datePublished":"2021-07-20T21:31:22+00:00","dateModified":"2021-07-20T22:19:28+00:00","breadcrumb":{"@id":"https:\/\/arredoserviceitalia.it\/de\/dienstleistungen\/#breadcrumb"},"inLanguage":"de","potentialAction":[{"@type":"ReadAction","target":["https:\/\/arredoserviceitalia.it\/de\/dienstleistungen\/"]}]},{"@type":"BreadcrumbList","@id":"https:\/\/arredoserviceitalia.it\/de\/dienstleistungen\/#breadcrumb","itemListElement":[{"@type":"ListItem","position":1,"name":"Home","item":"https:\/\/arredoserviceitalia.it\/de\/homepage\/"},{"@type":"ListItem","position":2,"name":"Dienstleistungen"}]},{"@type":"WebSite","@id":"https:\/\/arredoserviceitalia.it\/#website","url":"https:\/\/arredoserviceitalia.it\/","name":"Arredo Service 4.0","description":"Montaggio arredi negozi e centri commerciali","publisher":{"@id":"https:\/\/arredoserviceitalia.it\/#organization"},"potentialAction":[{"@type":"SearchAction","target":{"@type":"EntryPoint","urlTemplate":"https:\/\/arredoserviceitalia.it\/?s={search_term_string}"},"query-input":{"@type":"PropertyValueSpecification","valueRequired":true,"valueName":"search_term_string"}}],"inLanguage":"de"},{"@type":"Organization","@id":"https:\/\/arredoserviceitalia.it\/#organization","name":"Arredo Service 4.0","url":"https:\/\/arredoserviceitalia.it\/","logo":{"@type":"ImageObject","inLanguage":"de","@id":"https:\/\/arredoserviceitalia.it\/#\/schema\/logo\/image\/","url":"https:\/\/arredoserviceitalia.it\/wp-content\/uploads\/2021\/03\/logo-arredoservice.png","contentUrl":"https:\/\/arredoserviceitalia.it\/wp-content\/uploads\/2021\/03\/logo-arredoservice.png","width":493,"height":156,"caption":"Arredo Service 4.0"},"image":{"@id":"https:\/\/arredoserviceitalia.it\/#\/schema\/logo\/image\/"},"sameAs":["https:\/\/www.facebook.com\/arredoserviceitalia","https:\/\/www.linkedin.com\/company\/arredoservice\/"]}]}},"_links":{"self":[{"href":"https:\/\/arredoserviceitalia.it\/de\/wp-json\/wp\/v2\/pages\/2937","targetHints":{"allow":["GET"]}}],"collection":[{"href":"https:\/\/arredoserviceitalia.it\/de\/wp-json\/wp\/v2\/pages"}],"about":[{"href":"https:\/\/arredoserviceitalia.it\/de\/wp-json\/wp\/v2\/types\/page"}],"author":[{"embeddable":true,"href":"https:\/\/arredoserviceitalia.it\/de\/wp-json\/wp\/v2\/users\/2"}],"replies":[{"embeddable":true,"href":"https:\/\/arredoserviceitalia.it\/de\/wp-json\/wp\/v2\/comments?post=2937"}],"version-history":[{"count":3,"href":"https:\/\/arredoserviceitalia.it\/de\/wp-json\/wp\/v2\/pages\/2937\/revisions"}],"predecessor-version":[{"id":4861,"href":"https:\/\/arredoserviceitalia.it\/de\/wp-json\/wp\/v2\/pages\/2937\/revisions\/4861"}],"wp:attachment":[{"href":"https:\/\/arredoserviceitalia.it\/de\/wp-json\/wp\/v2\/media?parent=2937"}],"curies":[{"name":"wp","href":"https:\/\/api.w.org\/{rel}","templated":true}]}}