{"id":3016,"date":"2021-07-20T23:52:53","date_gmt":"2021-07-20T22:52:53","guid":{"rendered":"https:\/\/arredoserviceitalia.it\/?page_id=3016\/"},"modified":"2026-02-06T16:22:28","modified_gmt":"2026-02-06T15:22:28","slug":"sozial","status":"publish","type":"page","link":"https:\/\/arredoserviceitalia.it\/de\/sozial\/","title":{"rendered":"Sozial"},"content":{"rendered":"\n<style type=\"text\/css\" data-created_by=\"avia_inline_auto\" id=\"style-css-av-78ue9w-3b474e96c1248151e6572cd0a601e895\">\n.avia-section.av-78ue9w-3b474e96c1248151e6572cd0a601e895{\nbackground-color:#3965ae;\nbackground-image:unset;\n}\n<\/style>\n<div id='av_section_1'  class='avia-section av-78ue9w-3b474e96c1248151e6572cd0a601e895 main_color avia-section-huge avia-no-border-styling  avia-builder-el-0  el_before_av_section  avia-builder-el-first  avia-bg-style-scroll av-minimum-height av-minimum-height-custom av-height-custom  container_wrap fullsize'   data-av_minimum_height_px='100'><div class='container av-section-cont-open' style='height:100px'><main  role=\"main\" itemprop=\"mainContentOfPage\"  class='template-page content  av-content-full alpha units'><div class='post-entry post-entry-type-page post-entry-3016'><div class='entry-content-wrapper clearfix'>\n\n<style type=\"text\/css\" data-created_by=\"avia_inline_auto\" id=\"style-css-av-krcnjbfi-4f51e58eb43e269505741c620ccb949c\">\n#top .av-special-heading.av-krcnjbfi-4f51e58eb43e269505741c620ccb949c{\npadding-bottom:0;\ncolor:#ffffff;\nfont-size:90px;\n}\nbody .av-special-heading.av-krcnjbfi-4f51e58eb43e269505741c620ccb949c .av-special-heading-tag .heading-char{\nfont-size:25px;\n}\n#top #wrap_all .av-special-heading.av-krcnjbfi-4f51e58eb43e269505741c620ccb949c .av-special-heading-tag{\nfont-size:90px;\n}\n.av-special-heading.av-krcnjbfi-4f51e58eb43e269505741c620ccb949c .special-heading-inner-border{\nborder-color:#ffffff;\n}\n.av-special-heading.av-krcnjbfi-4f51e58eb43e269505741c620ccb949c .av-subheading{\nfont-size:18px;\n}\n\n@media only screen and (min-width: 480px) and (max-width: 767px){ \n#top #wrap_all .av-special-heading.av-krcnjbfi-4f51e58eb43e269505741c620ccb949c .av-special-heading-tag{\nfont-size:0.8em;\n}\n}\n\n@media only screen and (max-width: 479px){ \n#top #wrap_all .av-special-heading.av-krcnjbfi-4f51e58eb43e269505741c620ccb949c .av-special-heading-tag{\nfont-size:0.8em;\n}\n}\n<\/style>\n<div  class='av-special-heading av-krcnjbfi-4f51e58eb43e269505741c620ccb949c av-special-heading-h3 custom-color-heading blockquote modern-quote modern-centered  avia-builder-el-1  avia-builder-el-no-sibling  av-inherit-size'><h3 class='av-special-heading-tag '  itemprop=\"headline\"  >Sozial<\/h3><div class='av_custom_color av-subheading av-subheading_below'><p>Die Sch\u00f6nheit, sich als Teil einer Gemeinschaft zu f\u00fchlen.<\/p>\n<\/div><div class=\"special-heading-border\"><div class=\"special-heading-inner-border\"><\/div><\/div><\/div>\n\n<\/div><\/div><\/main><!-- close content main element --><\/div><\/div>\n<style type=\"text\/css\" data-created_by=\"avia_inline_auto\" id=\"style-css-av-78ue9w-7-9877900040e97904e8915f4f6a250b49\">\n.avia-section.av-78ue9w-7-9877900040e97904e8915f4f6a250b49{\nbackground-color:#f8faff;\nbackground-image:url(https:\/\/arredoserviceitalia.it\/wp-content\/uploads\/2021\/06\/sociale3.png);\nbackground-repeat:no-repeat;\nbackground-position:50% 100%;\nbackground-attachment:fixed;\n}\n<\/style>\n<div id='av_section_2'  class='avia-section av-78ue9w-7-9877900040e97904e8915f4f6a250b49 main_color avia-section-default avia-no-border-styling  avia-builder-el-2  el_after_av_section  avia-builder-el-last  avia-full-stretch avia-bg-style-fixed av-minimum-height av-minimum-height-custom av-height-custom  container_wrap fullsize'  data-section-bg-repeat='stretch' data-av_minimum_height_px='500'><div class='container av-section-cont-open' style='height:500px'><div class='template-page content  av-content-full alpha units'><div class='post-entry post-entry-type-page post-entry-3016'><div class='entry-content-wrapper clearfix'>\n\n<style type=\"text\/css\" data-created_by=\"avia_inline_auto\" id=\"style-css-av-xao9o-1edc131dac66ffec20d0b72f9b8799f5\">\n#top .flex_column.av-xao9o-1edc131dac66ffec20d0b72f9b8799f5{\nmargin-top:0px;\nmargin-bottom:0px;\n}\n.flex_column.av-xao9o-1edc131dac66ffec20d0b72f9b8799f5{\nborder-radius:0px 0px 0px 0px;\npadding:0px 0px 0px 0px;\n}\n.responsive #top #wrap_all .flex_column.av-xao9o-1edc131dac66ffec20d0b72f9b8799f5{\nmargin-top:0px;\nmargin-bottom:0px;\n}\n<\/style>\n<div  class='flex_column av-xao9o-1edc131dac66ffec20d0b72f9b8799f5 av_one_fourth  avia-builder-el-3  el_before_av_three_fourth  avia-builder-el-first  first flex_column_div av-zero-column-padding  '     ><\/div>\n<style type=\"text\/css\" data-created_by=\"avia_inline_auto\" id=\"style-css-av-xao9o-6-6788f1af2b39381295e004ba83eb77c4\">\n#top .flex_column.av-xao9o-6-6788f1af2b39381295e004ba83eb77c4{\nmargin-top:0px;\nmargin-bottom:0px;\n}\n.flex_column.av-xao9o-6-6788f1af2b39381295e004ba83eb77c4{\nborder-radius:0px 0px 0px 0px;\npadding:0px 0px 0px 0px;\n}\n.responsive #top #wrap_all .flex_column.av-xao9o-6-6788f1af2b39381295e004ba83eb77c4{\nmargin-top:0px;\nmargin-bottom:0px;\n}\n<\/style>\n<div  class='flex_column av-xao9o-6-6788f1af2b39381295e004ba83eb77c4 av_three_fourth  avia-builder-el-4  el_after_av_one_fourth  avia-builder-el-last  flex_column_div av-zero-column-padding  '     ><section  class='av_textblock_section av-kh4tp799-21318b4cf62338742b2069e6fbc8b8b6 '   itemscope=\"itemscope\" itemtype=\"https:\/\/schema.org\/CreativeWork\" ><div class='avia_textblock av_inherit_color'  itemprop=\"text\" ><h2 style=\"text-align: justify;\">Erleben Sie das Unternehmen als Gemeinwohl.<br \/>\nWir sind ein Benefit-Unternehmen.<\/h2>\n<p>Arredo Service 4.0, das auf eine lange Erfolgsgeschichte im Innenausbaubereich sowie in der Montage von M\u00f6beln und Einrichtungsgegenst\u00e4nden zur\u00fcckblicken kann, hat mit der Umwandlung in ein Benefit-Unternehmen einen revolution\u00e4ren Schritt in Richtung einer integrativeren und <strong>nachhaltigeren Zukunft getan<\/strong>.<\/p>\n<p>W\u00e4hrend unser Unternehmen seit vielen Jahren nachhaltige Umwelt- und Wohlfahrtspraktiken anwendet, spiegelt die Entscheidung, eine gemeinn\u00fctzige Gesellschaft zu werden, unser Engagement f\u00fcr ein h\u00f6heres Ma\u00df an gesellschaftlicher Unternehmensverantwortung wider.<\/p>\n<p>In einer Zeit, in der soziale und \u00f6kologische Verantwortung immer wichtiger wird, engagieren wir uns intensiv f\u00fcr das kollektive Wohlergehen. Unsere Vision beschr\u00e4nkt sich nicht nur auf die Bereitstellung qualitativ hochwertiger Dienstleistungen, sondern erstreckt sich auch auf die F\u00f6rderung einer positiven Wirkung auf alle an unserer Wertsch\u00f6pfungskette beteiligten Menschen, die lokale Gemeinschaft und die umliegende Umwelt.<\/p>\n<p><strong>Woran wir glauben<\/strong><\/p>\n<p><strong>Gesellschaftliches Engagement<\/strong><br \/>\nWir sind uns der entscheidenden Rolle der lokalen Gemeinschaften f\u00fcr unser Wachstum bewusst. Wir unterst\u00fctzen soziale Projekte, f\u00f6rdern Inklusion und arbeiten aktiv an der Verbesserung der Lebensqualit\u00e4t in den Bereichen, in denen wir t\u00e4tig sind.<\/p>\n<p><strong>Umweltvertr\u00e4glichkeit<\/strong><br \/>\nDie Minimierung unserer Auswirkungen auf die Umwelt ist eine unserer obersten Priorit\u00e4ten. Wir verpflichten uns, nachhaltige Praktiken anzuwenden und in umweltfreundliche Technologien zu investieren, um unseren Planeten f\u00fcr zuk\u00fcnftige Generationen zu bewahren.<\/p>\n<p><strong>Wohlbefinden der Mitarbeiter<\/strong><br \/>\nUnsere Mitarbeiter sind unser wertvollstes Kapital. Wir f\u00fchren innovative Wohlfahrtsprogramme, kontinuierliche Schulungen und Karrierewege ein und f\u00f6rdern ein gesundes, integratives und lohnendes Arbeitsumfeld.<\/p>\n<p><strong>Transparenz<\/strong><br \/>\nWir wissen, wie wichtig Transparenz in Gesch\u00e4ftsbeziehungen ist. Eine klare und ehrliche Kommunikation wird unser Leitfaden zum Aufbau von Vertrauen bei unseren Kunden, Lieferanten und Mitarbeitern sein.<\/p>\n<p>Ein Wohlt\u00e4tigkeitsunternehmen zu sein ist mehr als ein Titel, es ist eine t\u00e4gliche Verpflichtung. Wir sind uns der Herausforderungen bewusst, die auf uns warten, und sind entschlossen, sie zu meistern, um zu einer besseren Welt beizutragen. Zusammen k\u00f6nnen wir einen Unterschied machen.<\/p>\n<\/div><\/section><br \/>\n\n<style type=\"text\/css\" data-created_by=\"avia_inline_auto\" id=\"style-css-av-mlb19m9z-ea7037ac6c1ac3154dfcb9e6e03727df\">\n#top .av-special-heading.av-mlb19m9z-ea7037ac6c1ac3154dfcb9e6e03727df{\nmargin:50px 0 20px 0;\npadding-bottom:10px;\n}\nbody .av-special-heading.av-mlb19m9z-ea7037ac6c1ac3154dfcb9e6e03727df .av-special-heading-tag .heading-char{\nfont-size:25px;\n}\n.av-special-heading.av-mlb19m9z-ea7037ac6c1ac3154dfcb9e6e03727df .av-subheading{\nfont-size:15px;\n}\n<\/style>\n<div  class='av-special-heading av-mlb19m9z-ea7037ac6c1ac3154dfcb9e6e03727df av-special-heading-h2 custom-color-heading blockquote modern-quote  avia-builder-el-6  el_after_av_textblock  el_before_av_textblock '><h2 class='av-special-heading-tag '  itemprop=\"headline\"  >Soziale Projekte<\/h2><div class=\"special-heading-border\"><div class=\"special-heading-inner-border\"><\/div><\/div><\/div><br \/>\n<section  class='av_textblock_section av-mlb19hmx-703fb533392a04a06604b14789ca2322 '   itemscope=\"itemscope\" itemtype=\"https:\/\/schema.org\/CreativeWork\" ><div class='avia_textblock av_inherit_color'  itemprop=\"text\" ><h2 style=\"text-align: justify;\"><img decoding=\"async\" class=\"size-medium wp-image-2678 alignleft\" src=\"https:\/\/arredoserviceitalia.it\/wp-content\/uploads\/2026\/02\/logo-vai-1.png\" alt=\"\" width=\"220\" \/><strong>Voce agli imprenditori<\/strong><\/h2>\n<p>Voce agli Imprenditori ist ein Verein, der Unternehmer in wirtschaftlichen, finanziellen und pers\u00f6nlichen Schwierigkeiten unterst\u00fctzt. Er bietet ihnen Beratung, Hilfestellung und praktische Hilfsmittel, um die herausforderndsten Momente ihrer unternehmerischen Laufbahn zu meistern.<\/p>\n<p>Die Arbeit des Vereins basiert auf der Kombination aus fundierter Gesch\u00e4ftserfahrung und qualifizierten Fachkr\u00e4ften, vereint durch eine gemeinsame Vision: helfen, ohne zu urteilen, begleiten, ohne andere zu ersetzen.<\/p>\n<\/div><\/section><br \/>\n<div  class='avia-button-wrap av-1z67zc-d0e3ff276ed3856a28e89cb260dd8227-wrap avia-button-center  avia-builder-el-8  el_after_av_textblock  avia-builder-el-last '><a href='https:\/\/voceagliimprenditori.it\/'  class='avia-button av-1z67zc-d0e3ff276ed3856a28e89cb260dd8227 av-link-btn avia-icon_select-no avia-size-x-large avia-position-center avia-color-theme-color'  target=\"_blank\"  rel=\"noopener noreferrer\"  aria-label=\"Besuchen Sie die Website \u201eVoice to Entrepreneurs\u201c.\"><span class='avia_iconbox_title' >Besuchen Sie die Website \u201eVoice to Entrepreneurs\u201c.<\/span><\/a><\/div><\/p><\/div>\n","protected":false},"excerpt":{"rendered":"","protected":false},"author":2,"featured_media":0,"parent":0,"menu_order":0,"comment_status":"closed","ping_status":"closed","template":"","meta":{"footnotes":""},"class_list":["post-3016","page","type-page","status-publish","hentry"],"yoast_head":"<!-- This site is optimized with the Yoast SEO plugin v26.7 - https:\/\/yoast.com\/wordpress\/plugins\/seo\/ -->\n<title>Sozial - Arredo Service 4.0<\/title>\n<meta name=\"robots\" content=\"index, follow, max-snippet:-1, max-image-preview:large, max-video-preview:-1\" \/>\n<link rel=\"canonical\" href=\"https:\/\/arredoserviceitalia.it\/de\/sozial\/\" \/>\n<meta property=\"og:locale\" content=\"de_DE\" \/>\n<meta property=\"og:type\" content=\"article\" \/>\n<meta property=\"og:title\" content=\"Sozial - Arredo Service 4.0\" \/>\n<meta property=\"og:url\" content=\"https:\/\/arredoserviceitalia.it\/de\/sozial\/\" \/>\n<meta property=\"og:site_name\" content=\"Arredo Service 4.0\" \/>\n<meta property=\"article:publisher\" content=\"https:\/\/www.facebook.com\/arredoserviceitalia\" \/>\n<meta property=\"article:modified_time\" content=\"2026-02-06T15:22:28+00:00\" \/>\n<meta property=\"og:image\" content=\"https:\/\/arredoserviceitalia.it\/wp-content\/uploads\/2021\/06\/imprenditore-non-sei-solo-1.png\" \/>\n\t<meta property=\"og:image:width\" content=\"400\" \/>\n\t<meta property=\"og:image:height\" content=\"200\" \/>\n\t<meta property=\"og:image:type\" content=\"image\/png\" \/>\n<meta name=\"twitter:card\" content=\"summary_large_image\" \/>\n<meta name=\"twitter:label1\" content=\"Gesch\u00e4tzte Lesezeit\" \/>\n\t<meta name=\"twitter:data1\" content=\"3\u00a0Minuten\" \/>\n<script type=\"application\/ld+json\" class=\"yoast-schema-graph\">{\"@context\":\"https:\/\/schema.org\",\"@graph\":[{\"@type\":\"WebPage\",\"@id\":\"https:\/\/arredoserviceitalia.it\/de\/sozial\/\",\"url\":\"https:\/\/arredoserviceitalia.it\/de\/sozial\/\",\"name\":\"Sozial - Arredo Service 4.0\",\"isPartOf\":{\"@id\":\"https:\/\/arredoserviceitalia.it\/#website\"},\"primaryImageOfPage\":{\"@id\":\"https:\/\/arredoserviceitalia.it\/de\/sozial\/#primaryimage\"},\"image\":{\"@id\":\"https:\/\/arredoserviceitalia.it\/de\/sozial\/#primaryimage\"},\"thumbnailUrl\":\"https:\/\/arredoserviceitalia.it\/wp-content\/uploads\/2026\/02\/logo-vai-1.png\",\"datePublished\":\"2021-07-20T22:52:53+00:00\",\"dateModified\":\"2026-02-06T15:22:28+00:00\",\"breadcrumb\":{\"@id\":\"https:\/\/arredoserviceitalia.it\/de\/sozial\/#breadcrumb\"},\"inLanguage\":\"de\",\"potentialAction\":[{\"@type\":\"ReadAction\",\"target\":[\"https:\/\/arredoserviceitalia.it\/de\/sozial\/\"]}]},{\"@type\":\"ImageObject\",\"inLanguage\":\"de\",\"@id\":\"https:\/\/arredoserviceitalia.it\/de\/sozial\/#primaryimage\",\"url\":\"https:\/\/arredoserviceitalia.it\/wp-content\/uploads\/2026\/02\/logo-vai-1.png\",\"contentUrl\":\"https:\/\/arredoserviceitalia.it\/wp-content\/uploads\/2026\/02\/logo-vai-1.png\"},{\"@type\":\"BreadcrumbList\",\"@id\":\"https:\/\/arredoserviceitalia.it\/de\/sozial\/#breadcrumb\",\"itemListElement\":[{\"@type\":\"ListItem\",\"position\":1,\"name\":\"Home\",\"item\":\"https:\/\/arredoserviceitalia.it\/de\/homepage\/\"},{\"@type\":\"ListItem\",\"position\":2,\"name\":\"Sozial\"}]},{\"@type\":\"WebSite\",\"@id\":\"https:\/\/arredoserviceitalia.it\/#website\",\"url\":\"https:\/\/arredoserviceitalia.it\/\",\"name\":\"Arredo Service 4.0\",\"description\":\"Montaggio arredi negozi e centri commerciali\",\"publisher\":{\"@id\":\"https:\/\/arredoserviceitalia.it\/#organization\"},\"potentialAction\":[{\"@type\":\"SearchAction\",\"target\":{\"@type\":\"EntryPoint\",\"urlTemplate\":\"https:\/\/arredoserviceitalia.it\/?s={search_term_string}\"},\"query-input\":{\"@type\":\"PropertyValueSpecification\",\"valueRequired\":true,\"valueName\":\"search_term_string\"}}],\"inLanguage\":\"de\"},{\"@type\":\"Organization\",\"@id\":\"https:\/\/arredoserviceitalia.it\/#organization\",\"name\":\"Arredo Service 4.0\",\"url\":\"https:\/\/arredoserviceitalia.it\/\",\"logo\":{\"@type\":\"ImageObject\",\"inLanguage\":\"de\",\"@id\":\"https:\/\/arredoserviceitalia.it\/#\/schema\/logo\/image\/\",\"url\":\"https:\/\/arredoserviceitalia.it\/wp-content\/uploads\/2021\/03\/logo-arredoservice.png\",\"contentUrl\":\"https:\/\/arredoserviceitalia.it\/wp-content\/uploads\/2021\/03\/logo-arredoservice.png\",\"width\":493,\"height\":156,\"caption\":\"Arredo Service 4.0\"},\"image\":{\"@id\":\"https:\/\/arredoserviceitalia.it\/#\/schema\/logo\/image\/\"},\"sameAs\":[\"https:\/\/www.facebook.com\/arredoserviceitalia\",\"https:\/\/www.linkedin.com\/company\/arredoservice\/\"]}]}<\/script>\n<!-- \/ Yoast SEO plugin. -->","yoast_head_json":{"title":"Sozial - Arredo Service 4.0","robots":{"index":"index","follow":"follow","max-snippet":"max-snippet:-1","max-image-preview":"max-image-preview:large","max-video-preview":"max-video-preview:-1"},"canonical":"https:\/\/arredoserviceitalia.it\/de\/sozial\/","og_locale":"de_DE","og_type":"article","og_title":"Sozial - Arredo Service 4.0","og_url":"https:\/\/arredoserviceitalia.it\/de\/sozial\/","og_site_name":"Arredo Service 4.0","article_publisher":"https:\/\/www.facebook.com\/arredoserviceitalia","article_modified_time":"2026-02-06T15:22:28+00:00","og_image":[{"width":400,"height":200,"url":"https:\/\/arredoserviceitalia.it\/wp-content\/uploads\/2021\/06\/imprenditore-non-sei-solo-1.png","type":"image\/png"}],"twitter_card":"summary_large_image","twitter_misc":{"Gesch\u00e4tzte Lesezeit":"3\u00a0Minuten"},"schema":{"@context":"https:\/\/schema.org","@graph":[{"@type":"WebPage","@id":"https:\/\/arredoserviceitalia.it\/de\/sozial\/","url":"https:\/\/arredoserviceitalia.it\/de\/sozial\/","name":"Sozial - Arredo Service 4.0","isPartOf":{"@id":"https:\/\/arredoserviceitalia.it\/#website"},"primaryImageOfPage":{"@id":"https:\/\/arredoserviceitalia.it\/de\/sozial\/#primaryimage"},"image":{"@id":"https:\/\/arredoserviceitalia.it\/de\/sozial\/#primaryimage"},"thumbnailUrl":"https:\/\/arredoserviceitalia.it\/wp-content\/uploads\/2026\/02\/logo-vai-1.png","datePublished":"2021-07-20T22:52:53+00:00","dateModified":"2026-02-06T15:22:28+00:00","breadcrumb":{"@id":"https:\/\/arredoserviceitalia.it\/de\/sozial\/#breadcrumb"},"inLanguage":"de","potentialAction":[{"@type":"ReadAction","target":["https:\/\/arredoserviceitalia.it\/de\/sozial\/"]}]},{"@type":"ImageObject","inLanguage":"de","@id":"https:\/\/arredoserviceitalia.it\/de\/sozial\/#primaryimage","url":"https:\/\/arredoserviceitalia.it\/wp-content\/uploads\/2026\/02\/logo-vai-1.png","contentUrl":"https:\/\/arredoserviceitalia.it\/wp-content\/uploads\/2026\/02\/logo-vai-1.png"},{"@type":"BreadcrumbList","@id":"https:\/\/arredoserviceitalia.it\/de\/sozial\/#breadcrumb","itemListElement":[{"@type":"ListItem","position":1,"name":"Home","item":"https:\/\/arredoserviceitalia.it\/de\/homepage\/"},{"@type":"ListItem","position":2,"name":"Sozial"}]},{"@type":"WebSite","@id":"https:\/\/arredoserviceitalia.it\/#website","url":"https:\/\/arredoserviceitalia.it\/","name":"Arredo Service 4.0","description":"Montaggio arredi negozi e centri commerciali","publisher":{"@id":"https:\/\/arredoserviceitalia.it\/#organization"},"potentialAction":[{"@type":"SearchAction","target":{"@type":"EntryPoint","urlTemplate":"https:\/\/arredoserviceitalia.it\/?s={search_term_string}"},"query-input":{"@type":"PropertyValueSpecification","valueRequired":true,"valueName":"search_term_string"}}],"inLanguage":"de"},{"@type":"Organization","@id":"https:\/\/arredoserviceitalia.it\/#organization","name":"Arredo Service 4.0","url":"https:\/\/arredoserviceitalia.it\/","logo":{"@type":"ImageObject","inLanguage":"de","@id":"https:\/\/arredoserviceitalia.it\/#\/schema\/logo\/image\/","url":"https:\/\/arredoserviceitalia.it\/wp-content\/uploads\/2021\/03\/logo-arredoservice.png","contentUrl":"https:\/\/arredoserviceitalia.it\/wp-content\/uploads\/2021\/03\/logo-arredoservice.png","width":493,"height":156,"caption":"Arredo Service 4.0"},"image":{"@id":"https:\/\/arredoserviceitalia.it\/#\/schema\/logo\/image\/"},"sameAs":["https:\/\/www.facebook.com\/arredoserviceitalia","https:\/\/www.linkedin.com\/company\/arredoservice\/"]}]}},"_links":{"self":[{"href":"https:\/\/arredoserviceitalia.it\/de\/wp-json\/wp\/v2\/pages\/3016","targetHints":{"allow":["GET"]}}],"collection":[{"href":"https:\/\/arredoserviceitalia.it\/de\/wp-json\/wp\/v2\/pages"}],"about":[{"href":"https:\/\/arredoserviceitalia.it\/de\/wp-json\/wp\/v2\/types\/page"}],"author":[{"embeddable":true,"href":"https:\/\/arredoserviceitalia.it\/de\/wp-json\/wp\/v2\/users\/2"}],"replies":[{"embeddable":true,"href":"https:\/\/arredoserviceitalia.it\/de\/wp-json\/wp\/v2\/comments?post=3016"}],"version-history":[{"count":7,"href":"https:\/\/arredoserviceitalia.it\/de\/wp-json\/wp\/v2\/pages\/3016\/revisions"}],"predecessor-version":[{"id":5543,"href":"https:\/\/arredoserviceitalia.it\/de\/wp-json\/wp\/v2\/pages\/3016\/revisions\/5543"}],"wp:attachment":[{"href":"https:\/\/arredoserviceitalia.it\/de\/wp-json\/wp\/v2\/media?parent=3016"}],"curies":[{"name":"wp","href":"https:\/\/api.w.org\/{rel}","templated":true}]}}