{"id":5592,"date":"2026-03-02T15:13:44","date_gmt":"2026-03-02T14:13:44","guid":{"rendered":"https:\/\/arredoserviceitalia.it\/?page_id=5592"},"modified":"2026-03-02T15:13:44","modified_gmt":"2026-03-02T14:13:44","slug":"arbeite-mit-uns","status":"publish","type":"page","link":"https:\/\/arredoserviceitalia.it\/de\/arbeite-mit-uns\/","title":{"rendered":"Arbeite mit uns"},"content":{"rendered":"\n<style type=\"text\/css\" data-created_by=\"avia_inline_auto\" id=\"style-css-av-av_section-bd943b4f990f79be14a1c1f42a47e822\">\n.avia-section.av-av_section-bd943b4f990f79be14a1c1f42a47e822{\nbackground-color:#fbbc1c;\nbackground-image:unset;\n}\n<\/style>\n<div id='av_section_1'  class='avia-section av-av_section-bd943b4f990f79be14a1c1f42a47e822 main_color avia-section-huge avia-no-border-styling  avia-builder-el-0  el_before_av_two_third  avia-builder-el-first  avia-bg-style-scroll av-minimum-height av-minimum-height-custom av-height-custom  container_wrap fullsize'   data-av_minimum_height_px='100'><div class='container av-section-cont-open' style='height:100px'><main  role=\"main\" itemprop=\"mainContentOfPage\"  class='template-page content  av-content-full alpha units'><div class='post-entry post-entry-type-page post-entry-5592'><div class='entry-content-wrapper clearfix'>\n\n<style type=\"text\/css\" data-created_by=\"avia_inline_auto\" id=\"style-css-av-av_heading-ee30728127fb16404545b2df1d0f26ac\">\n#top .av-special-heading.av-av_heading-ee30728127fb16404545b2df1d0f26ac{\npadding-bottom:0;\ncolor:#ffffff;\nfont-size:90px;\n}\nbody .av-special-heading.av-av_heading-ee30728127fb16404545b2df1d0f26ac .av-special-heading-tag .heading-char{\nfont-size:25px;\n}\n#top #wrap_all .av-special-heading.av-av_heading-ee30728127fb16404545b2df1d0f26ac .av-special-heading-tag{\nfont-size:90px;\n}\n.av-special-heading.av-av_heading-ee30728127fb16404545b2df1d0f26ac .special-heading-inner-border{\nborder-color:#ffffff;\n}\n.av-special-heading.av-av_heading-ee30728127fb16404545b2df1d0f26ac .av-subheading{\nfont-size:18px;\n}\n\n@media only screen and (min-width: 480px) and (max-width: 767px){ \n#top #wrap_all .av-special-heading.av-av_heading-ee30728127fb16404545b2df1d0f26ac .av-special-heading-tag{\nfont-size:0.8em;\n}\n}\n\n@media only screen and (max-width: 479px){ \n#top #wrap_all .av-special-heading.av-av_heading-ee30728127fb16404545b2df1d0f26ac .av-special-heading-tag{\nfont-size:0.8em;\n}\n}\n<\/style>\n<div  class='av-special-heading av-av_heading-ee30728127fb16404545b2df1d0f26ac av-special-heading-h3 custom-color-heading blockquote modern-quote modern-centered  avia-builder-el-1  avia-builder-el-no-sibling  av-inherit-size'><h3 class='av-special-heading-tag '  itemprop=\"headline\"  >Arbeite mit uns<\/h3><div class='av_custom_color av-subheading av-subheading_below'><p>M\u00f6chtest du unserem Team beitreten? F\u00fclle das untenstehende Formular aus und erz\u00e4hle uns etwas \u00fcber dich.<\/p>\n<\/div><div class=\"special-heading-border\"><div class=\"special-heading-inner-border\"><\/div><\/div><\/div>\n<\/div><\/div><\/main><!-- close content main element --><\/div><\/div><div id='after_section_1'  class='main_color av_default_container_wrap container_wrap fullsize'  ><div class='container av-section-cont-open' ><div class='template-page content  av-content-full alpha units'><div class='post-entry post-entry-type-page post-entry-5592'><div class='entry-content-wrapper clearfix'>\n<div class='flex_column_table av-av_two_third-39e16e412e2d2117d26495f0911b6089 sc-av_two_third av-equal-height-column-flextable'>\n<style type=\"text\/css\" data-created_by=\"avia_inline_auto\" id=\"style-css-av-av_two_third-39e16e412e2d2117d26495f0911b6089\">\n#top .flex_column_table.av-equal-height-column-flextable.av-av_two_third-39e16e412e2d2117d26495f0911b6089{\nmargin-top:-30px;\nmargin-bottom:0px;\n}\n.flex_column.av-av_two_third-39e16e412e2d2117d26495f0911b6089{\nborder-radius:0px 0px 0px 0px;\npadding:0px 0px 0px 0px;\n}\n<\/style>\n<div  class='flex_column av-av_two_third-39e16e412e2d2117d26495f0911b6089 av_two_third  avia-builder-el-2  el_after_av_section  el_before_av_one_third  avia-builder-el-first  first flex_column_table_cell av-equal-height-column av-align-top av-zero-column-padding  '     ><form action=\"https:\/\/arredoserviceitalia.it\/de\/arbeite-mit-uns\/\" method=\"post\" data-fields-with-error=\"Fehler wurden in folgenden Feld(ern) gefunden:\" class=\"avia_ajax_form av-form-labels-visible   avia-builder-el-3  avia-builder-el-no-sibling   \" data-avia-form-id=\"1\" data-avia-redirect='' ><fieldset><p class='  first_form  form_element form_element_half' id='element_avia_1_1'><label for=\"avia_1_1\">Vorname  <abbr class=\"required\" title=\"ben\u00f6tigt\">*<\/abbr><\/label> <input name=\"avia_1_1\" class=\"text_input is_empty\" type=\"text\" id=\"avia_1_1\" value=\"\" \/><\/p><p class='  form_element form_element_half' id='element_avia_2_1'><label for=\"avia_2_1\">Nachname <abbr class=\"required\" title=\"ben\u00f6tigt\">*<\/abbr><\/label> <input name=\"avia_2_1\" class=\"text_input is_empty\" type=\"text\" id=\"avia_2_1\" value=\"\" \/><\/p><p class='  first_form  form_element form_element_half' id='element_avia_3_1'><label for=\"avia_3_1\">E-Mail <abbr class=\"required\" title=\"ben\u00f6tigt\">*<\/abbr><\/label> <input name=\"avia_3_1\" class=\"text_input is_email\" type=\"text\" id=\"avia_3_1\" value=\"\" \/><\/p><p class='  form_element form_element_half' id='element_avia_4_1'><label for=\"avia_4_1\">Telefon  <abbr class=\"required\" title=\"ben\u00f6tigt\">*<\/abbr><\/label> <input name=\"avia_4_1\" class=\"text_input is_empty\" type=\"text\" id=\"avia_4_1\" value=\"\" \/><\/p><p class='  first_form  form_element form_fullwidth' id='element_avia_5_1'><label for=\"avia_5_1\" class=\"textare_label hidden textare_label_avia_5_1\">Beschreiben Sie Ihre bisherigen Erfahrungen und die Position, f\u00fcr die Sie sich bewerben. <abbr class=\"required\" title=\"ben\u00f6tigt\">*<\/abbr><\/label><textarea  name=\"avia_5_1\" class=\"text_area is_empty\" cols=\"40\" rows=\"7\" id=\"avia_5_1\" ><\/textarea><\/p><p class='  first_form  form_element form_fullwidth av-last-visible-form-element' id='element_avia_6_1'><input  name=\"avia_6_1\" class=\"input_checkbox is_empty\" type=\"checkbox\" id=\"avia_6_1\" value=\"true\"\/><label class=\"input_checkbox_label\" for=\"avia_6_1\"><a href=\"\/privacy-policy\" target=\"_blank\" rel=\"noopener\">Ich akzeptiere die Datenschutzbestimmungen <\/a> <abbr class=\"required\" title=\"ben\u00f6tigt\">*<\/abbr><\/label><\/p><p class=\"hidden\"><input type=\"text\" name=\"avia_7_1\" class=\"hidden \" id=\"avia_7_1\" value=\"\" \/><\/p><p class=\"form_element \"><input type=\"hidden\" value=\"1\" name=\"avia_generated_form1\" \/><input type=\"submit\" value=\"Schicken\" class=\"button\"  data-sending-label=\"Sende\"\/><\/p><\/fieldset><\/form><div id=\"ajaxresponse_1\" class=\"ajaxresponse ajaxresponse_1 hidden\"><\/div><\/div>\n<div class='av-flex-placeholder'><\/div>\n<style type=\"text\/css\" data-created_by=\"avia_inline_auto\" id=\"style-css-av-av_one_third-3b4e16d27c0f750ff8e62fef2423686b\">\n#top .flex_column_table.av-equal-height-column-flextable.av-av_one_third-3b4e16d27c0f750ff8e62fef2423686b{\nmargin-top:-30px;\nmargin-bottom:0px;\n}\n.flex_column.av-av_one_third-3b4e16d27c0f750ff8e62fef2423686b{\nborder-radius:0px 0px 0px 0px;\npadding:40px 0px 0px 0px;\n}\n<\/style>\n<div  class='flex_column av-av_one_third-3b4e16d27c0f750ff8e62fef2423686b av_one_third  avia-builder-el-4  el_after_av_two_third  avia-builder-el-last  flex_column_table_cell av-equal-height-column av-align-top  '     ><p>\n<style type=\"text\/css\" data-created_by=\"avia_inline_auto\" id=\"style-css-av-av_heading-2194117798779a67c6f0a1fb91f58446\">\n#top .av-special-heading.av-av_heading-2194117798779a67c6f0a1fb91f58446{\npadding-bottom:0;\ncolor:#1b2d4f;\n}\nbody .av-special-heading.av-av_heading-2194117798779a67c6f0a1fb91f58446 .av-special-heading-tag .heading-char{\nfont-size:25px;\n}\n.av-special-heading.av-av_heading-2194117798779a67c6f0a1fb91f58446 .special-heading-inner-border{\nborder-color:#1b2d4f;\n}\n.av-special-heading.av-av_heading-2194117798779a67c6f0a1fb91f58446 .av-subheading{\nfont-size:15px;\n}\n<\/style>\n<div  class='av-special-heading av-av_heading-2194117798779a67c6f0a1fb91f58446 av-special-heading-h2 custom-color-heading  avia-builder-el-5  el_before_av_textblock  avia-builder-el-first '><h2 class='av-special-heading-tag '  itemprop=\"headline\"  >Info<\/h2><div class=\"special-heading-border\"><div class=\"special-heading-inner-border\"><\/div><\/div><\/div><br \/>\n<section  class='av_textblock_section av-av_textblock-dcb83a6857fc49453ed31f97f542e332 '   itemscope=\"itemscope\" itemtype=\"https:\/\/schema.org\/CreativeWork\" ><div class='avia_textblock'  itemprop=\"text\" ><p><strong>Arredo Service 4.0 Srl Soc. Benefit<br \/>\nCap. soc. \u20ac 100.000,00<br \/>\n<\/strong><\/p>\n<p><strong>Sitz:<\/strong><br \/>\nVia Zara, 42<br \/>\n71121 Foggia (Italien)<\/p>\n<p><strong>Operativer Hauptsitz:<\/strong><br \/>\nVia Scalone, 13<br \/>\n25027 Quinzano D\u2019Oglio (Brescia) \u2013 (Italien)<\/p>\n<p><strong>Kontakte<\/strong><br \/>\nTel. <a href=\"tel:+390881720862\">+39 0881 720862<\/a><br \/>\nEmail <a href=\"mailto:info@arredoserviceitalia.it\">info@arredoserviceitalia.it<\/a><\/p>\n<p><strong>Follow us<\/strong><\/p>\n<p>\n<style type=\"text\/css\" data-created_by=\"avia_inline_auto\" id=\"style-css-av-av_font_icon-82fabf7c5c99e8d5b2f5fa33027fc687\">\n.av_font_icon.av-av_font_icon-82fabf7c5c99e8d5b2f5fa33027fc687{\ncolor:#3F5793;\nborder-color:#3F5793;\n}\n.avia-svg-icon.av-av_font_icon-82fabf7c5c99e8d5b2f5fa33027fc687 svg:first-child{\nstroke:#3F5793;\nfill:#3F5793;\n}\n.av_font_icon.av-av_font_icon-82fabf7c5c99e8d5b2f5fa33027fc687 .av-icon-char{\nfont-size:40px;\nline-height:40px;\n}\n<\/style>\n<span  class='av_font_icon av-av_font_icon-82fabf7c5c99e8d5b2f5fa33027fc687 avia_animate_when_visible av-icon-style- avia-icon-pos-left avia-iconfont avia-font-entypo-fontello avia-icon-animate'><a href='https:\/\/www.facebook.com\/arredoserviceitalia'  target=\"_blank\"  rel=\"noopener noreferrer\"  class='av-icon-char' data-av_icon='\ue8f4' data-av_iconfont='entypo-fontello' aria-hidden=\"false\" ><\/a><\/span> \n<style type=\"text\/css\" data-created_by=\"avia_inline_auto\" id=\"style-css-av-av_font_icon-9a33e0410b3ae76d1d66e10b092c0fc0\">\n.av_font_icon.av-av_font_icon-9a33e0410b3ae76d1d66e10b092c0fc0{\ncolor:#007BB6;\nborder-color:#007BB6;\n}\n.avia-svg-icon.av-av_font_icon-9a33e0410b3ae76d1d66e10b092c0fc0 svg:first-child{\nstroke:#007BB6;\nfill:#007BB6;\n}\n.av_font_icon.av-av_font_icon-9a33e0410b3ae76d1d66e10b092c0fc0 .av-icon-char{\nfont-size:40px;\nline-height:40px;\n}\n<\/style>\n<span  class='av_font_icon av-av_font_icon-9a33e0410b3ae76d1d66e10b092c0fc0 avia_animate_when_visible av-icon-style- avia-icon-pos-left avia-iconfont avia-font-entypo-fontello avia-icon-animate'><a href='https:\/\/www.linkedin.com\/company\/arredoservice\/'  target=\"_blank\"  rel=\"noopener noreferrer\"  class='av-icon-char' data-av_icon='\ue8fd' data-av_iconfont='entypo-fontello' aria-hidden=\"false\" ><\/a><\/span><\/p>\n<\/div><\/section><\/p><\/div><\/div><!--close column table wrapper. Autoclose: 1 -->\n","protected":false},"excerpt":{"rendered":"","protected":false},"author":1,"featured_media":0,"parent":0,"menu_order":0,"comment_status":"closed","ping_status":"closed","template":"","meta":{"footnotes":""},"class_list":["post-5592","page","type-page","status-publish","hentry"],"yoast_head":"<!-- This site is optimized with the Yoast SEO plugin v26.7 - https:\/\/yoast.com\/wordpress\/plugins\/seo\/ -->\n<title>Arbeite mit uns - Arredo Service 4.0<\/title>\n<meta name=\"robots\" content=\"index, follow, max-snippet:-1, max-image-preview:large, max-video-preview:-1\" \/>\n<link rel=\"canonical\" href=\"https:\/\/arredoserviceitalia.it\/de\/arbeite-mit-uns\/\" \/>\n<meta property=\"og:locale\" content=\"de_DE\" \/>\n<meta property=\"og:type\" content=\"article\" \/>\n<meta property=\"og:title\" content=\"Arbeite mit uns - Arredo Service 4.0\" \/>\n<meta property=\"og:url\" content=\"https:\/\/arredoserviceitalia.it\/de\/arbeite-mit-uns\/\" \/>\n<meta property=\"og:site_name\" content=\"Arredo Service 4.0\" \/>\n<meta property=\"article:publisher\" content=\"https:\/\/www.facebook.com\/arredoserviceitalia\" \/>\n<meta name=\"twitter:card\" content=\"summary_large_image\" \/>\n<meta name=\"twitter:label1\" content=\"Gesch\u00e4tzte Lesezeit\" \/>\n\t<meta name=\"twitter:data1\" content=\"1\u00a0Minute\" \/>\n<script type=\"application\/ld+json\" class=\"yoast-schema-graph\">{\"@context\":\"https:\/\/schema.org\",\"@graph\":[{\"@type\":\"WebPage\",\"@id\":\"https:\/\/arredoserviceitalia.it\/de\/arbeite-mit-uns\/\",\"url\":\"https:\/\/arredoserviceitalia.it\/de\/arbeite-mit-uns\/\",\"name\":\"Arbeite mit uns - Arredo Service 4.0\",\"isPartOf\":{\"@id\":\"https:\/\/arredoserviceitalia.it\/#website\"},\"datePublished\":\"2026-03-02T14:13:44+00:00\",\"breadcrumb\":{\"@id\":\"https:\/\/arredoserviceitalia.it\/de\/arbeite-mit-uns\/#breadcrumb\"},\"inLanguage\":\"de\",\"potentialAction\":[{\"@type\":\"ReadAction\",\"target\":[\"https:\/\/arredoserviceitalia.it\/de\/arbeite-mit-uns\/\"]}]},{\"@type\":\"BreadcrumbList\",\"@id\":\"https:\/\/arredoserviceitalia.it\/de\/arbeite-mit-uns\/#breadcrumb\",\"itemListElement\":[{\"@type\":\"ListItem\",\"position\":1,\"name\":\"Home\",\"item\":\"https:\/\/arredoserviceitalia.it\/de\/homepage\/\"},{\"@type\":\"ListItem\",\"position\":2,\"name\":\"Arbeite mit uns\"}]},{\"@type\":\"WebSite\",\"@id\":\"https:\/\/arredoserviceitalia.it\/#website\",\"url\":\"https:\/\/arredoserviceitalia.it\/\",\"name\":\"Arredo Service 4.0\",\"description\":\"Montaggio arredi negozi e centri commerciali\",\"publisher\":{\"@id\":\"https:\/\/arredoserviceitalia.it\/#organization\"},\"potentialAction\":[{\"@type\":\"SearchAction\",\"target\":{\"@type\":\"EntryPoint\",\"urlTemplate\":\"https:\/\/arredoserviceitalia.it\/?s={search_term_string}\"},\"query-input\":{\"@type\":\"PropertyValueSpecification\",\"valueRequired\":true,\"valueName\":\"search_term_string\"}}],\"inLanguage\":\"de\"},{\"@type\":\"Organization\",\"@id\":\"https:\/\/arredoserviceitalia.it\/#organization\",\"name\":\"Arredo Service 4.0\",\"url\":\"https:\/\/arredoserviceitalia.it\/\",\"logo\":{\"@type\":\"ImageObject\",\"inLanguage\":\"de\",\"@id\":\"https:\/\/arredoserviceitalia.it\/#\/schema\/logo\/image\/\",\"url\":\"https:\/\/arredoserviceitalia.it\/wp-content\/uploads\/2021\/03\/logo-arredoservice.png\",\"contentUrl\":\"https:\/\/arredoserviceitalia.it\/wp-content\/uploads\/2021\/03\/logo-arredoservice.png\",\"width\":493,\"height\":156,\"caption\":\"Arredo Service 4.0\"},\"image\":{\"@id\":\"https:\/\/arredoserviceitalia.it\/#\/schema\/logo\/image\/\"},\"sameAs\":[\"https:\/\/www.facebook.com\/arredoserviceitalia\",\"https:\/\/www.linkedin.com\/company\/arredoservice\/\"]}]}<\/script>\n<!-- \/ Yoast SEO plugin. -->","yoast_head_json":{"title":"Arbeite mit uns - Arredo Service 4.0","robots":{"index":"index","follow":"follow","max-snippet":"max-snippet:-1","max-image-preview":"max-image-preview:large","max-video-preview":"max-video-preview:-1"},"canonical":"https:\/\/arredoserviceitalia.it\/de\/arbeite-mit-uns\/","og_locale":"de_DE","og_type":"article","og_title":"Arbeite mit uns - Arredo Service 4.0","og_url":"https:\/\/arredoserviceitalia.it\/de\/arbeite-mit-uns\/","og_site_name":"Arredo Service 4.0","article_publisher":"https:\/\/www.facebook.com\/arredoserviceitalia","twitter_card":"summary_large_image","twitter_misc":{"Gesch\u00e4tzte Lesezeit":"1\u00a0Minute"},"schema":{"@context":"https:\/\/schema.org","@graph":[{"@type":"WebPage","@id":"https:\/\/arredoserviceitalia.it\/de\/arbeite-mit-uns\/","url":"https:\/\/arredoserviceitalia.it\/de\/arbeite-mit-uns\/","name":"Arbeite mit uns - Arredo Service 4.0","isPartOf":{"@id":"https:\/\/arredoserviceitalia.it\/#website"},"datePublished":"2026-03-02T14:13:44+00:00","breadcrumb":{"@id":"https:\/\/arredoserviceitalia.it\/de\/arbeite-mit-uns\/#breadcrumb"},"inLanguage":"de","potentialAction":[{"@type":"ReadAction","target":["https:\/\/arredoserviceitalia.it\/de\/arbeite-mit-uns\/"]}]},{"@type":"BreadcrumbList","@id":"https:\/\/arredoserviceitalia.it\/de\/arbeite-mit-uns\/#breadcrumb","itemListElement":[{"@type":"ListItem","position":1,"name":"Home","item":"https:\/\/arredoserviceitalia.it\/de\/homepage\/"},{"@type":"ListItem","position":2,"name":"Arbeite mit uns"}]},{"@type":"WebSite","@id":"https:\/\/arredoserviceitalia.it\/#website","url":"https:\/\/arredoserviceitalia.it\/","name":"Arredo Service 4.0","description":"Montaggio arredi negozi e centri commerciali","publisher":{"@id":"https:\/\/arredoserviceitalia.it\/#organization"},"potentialAction":[{"@type":"SearchAction","target":{"@type":"EntryPoint","urlTemplate":"https:\/\/arredoserviceitalia.it\/?s={search_term_string}"},"query-input":{"@type":"PropertyValueSpecification","valueRequired":true,"valueName":"search_term_string"}}],"inLanguage":"de"},{"@type":"Organization","@id":"https:\/\/arredoserviceitalia.it\/#organization","name":"Arredo Service 4.0","url":"https:\/\/arredoserviceitalia.it\/","logo":{"@type":"ImageObject","inLanguage":"de","@id":"https:\/\/arredoserviceitalia.it\/#\/schema\/logo\/image\/","url":"https:\/\/arredoserviceitalia.it\/wp-content\/uploads\/2021\/03\/logo-arredoservice.png","contentUrl":"https:\/\/arredoserviceitalia.it\/wp-content\/uploads\/2021\/03\/logo-arredoservice.png","width":493,"height":156,"caption":"Arredo Service 4.0"},"image":{"@id":"https:\/\/arredoserviceitalia.it\/#\/schema\/logo\/image\/"},"sameAs":["https:\/\/www.facebook.com\/arredoserviceitalia","https:\/\/www.linkedin.com\/company\/arredoservice\/"]}]}},"_links":{"self":[{"href":"https:\/\/arredoserviceitalia.it\/de\/wp-json\/wp\/v2\/pages\/5592","targetHints":{"allow":["GET"]}}],"collection":[{"href":"https:\/\/arredoserviceitalia.it\/de\/wp-json\/wp\/v2\/pages"}],"about":[{"href":"https:\/\/arredoserviceitalia.it\/de\/wp-json\/wp\/v2\/types\/page"}],"author":[{"embeddable":true,"href":"https:\/\/arredoserviceitalia.it\/de\/wp-json\/wp\/v2\/users\/1"}],"replies":[{"embeddable":true,"href":"https:\/\/arredoserviceitalia.it\/de\/wp-json\/wp\/v2\/comments?post=5592"}],"version-history":[{"count":2,"href":"https:\/\/arredoserviceitalia.it\/de\/wp-json\/wp\/v2\/pages\/5592\/revisions"}],"predecessor-version":[{"id":5594,"href":"https:\/\/arredoserviceitalia.it\/de\/wp-json\/wp\/v2\/pages\/5592\/revisions\/5594"}],"wp:attachment":[{"href":"https:\/\/arredoserviceitalia.it\/de\/wp-json\/wp\/v2\/media?parent=5592"}],"curies":[{"name":"wp","href":"https:\/\/api.w.org\/{rel}","templated":true}]}}