{"id":1375,"date":"2020-11-11T09:48:08","date_gmt":"2020-11-11T09:48:08","guid":{"rendered":"https:\/\/dauniaplastics.netplanet.it\/?page_id=1375"},"modified":"2021-07-21T18:54:25","modified_gmt":"2021-07-21T17:54:25","slug":"privacy-policy","status":"publish","type":"page","link":"https:\/\/arredoserviceitalia.it\/es\/privacy-policy\/","title":{"rendered":"Privacy Policy"},"content":{"rendered":"\n<style type=\"text\/css\" data-created_by=\"avia_inline_auto\" id=\"style-css-av-av_heading-3d70fad3b7956ea39ce176ad7e30ce63\">\n#top .av-special-heading.av-av_heading-3d70fad3b7956ea39ce176ad7e30ce63{\npadding-bottom:10px;\ncolor:#99c13c;\n}\nbody .av-special-heading.av-av_heading-3d70fad3b7956ea39ce176ad7e30ce63 .av-special-heading-tag .heading-char{\nfont-size:25px;\n}\n.av-special-heading.av-av_heading-3d70fad3b7956ea39ce176ad7e30ce63 .special-heading-inner-border{\nborder-color:#99c13c;\n}\n.av-special-heading.av-av_heading-3d70fad3b7956ea39ce176ad7e30ce63 .av-subheading{\nfont-size:15px;\n}\n<\/style>\n<div  class='av-special-heading av-av_heading-3d70fad3b7956ea39ce176ad7e30ce63 av-special-heading-h2 custom-color-heading blockquote modern-quote  avia-builder-el-0  el_before_av_textblock  avia-builder-el-first '><h2 class='av-special-heading-tag '  itemprop=\"headline\"  >Informaci\u00f3n proporcionada de conformidad con el art. 13 del Reglamento UE 679\/2016 (GDRP)<\/h2><div class=\"special-heading-border\"><div class=\"special-heading-inner-border\"><\/div><\/div><\/div>\r\n\r\n<section  class='av_textblock_section av-kglxgl20-432d291b0bf4312624b4d73a1382da07 '   itemscope=\"itemscope\" itemtype=\"https:\/\/schema.org\/CreativeWork\" ><div class='avia_textblock'  itemprop=\"text\" ><p>Esta informaci\u00f3n es proporcionada por Arredo Service 4.0 Srl, con sede en Foggia en Via Zara, 26, como propietario y administrador del procesamiento de datos personales.<\/p>\n<p>Los datos recopilados se procesan de acuerdo con los principios de correcci\u00f3n, licitud, transparencia y la protecci\u00f3n de su privacidad y sus derechos.<\/p>\n<p>Los datos se procesan mediante m\u00e9todos manuales, telem\u00e1ticos e inform\u00e1ticos; Se adoptan medidas de seguridad para evitar los riesgos de acceso no autorizado, destrucci\u00f3n o p\u00e9rdida, tratamiento que no est\u00e1 permitido o no cumple con las finalidades de la colecci\u00f3n.<\/p>\n<p><strong>Categor\u00edas de datos personales tratados<\/strong><\/p>\n<p>Arredo Service 4.0 Srl procesar\u00e1 los siguientes datos personales:<\/p>\n<p>&#8211; Datos personales, direcci\u00f3n de residencia o domicilio y datos de contacto (tel\u00e9fono, direcci\u00f3n de correo electr\u00f3nico);<\/p>\n<p>&#8211; Datos bancarios y \/ o de pagos y cobros relacionados con la gesti\u00f3n contable y fiscal;<\/p>\n<p>&#8211; Datos contables, fiscales y administrativos en general derivados de facturas \/ recibos fiscales emitidos y recibidos, y cualquier otro documento que nos sea entregado.<\/p>\n<p><strong>Finalidad del tratamiento<\/strong><\/p>\n<p>El tratamiento tiene como finalidad la correcta y completa ejecuci\u00f3n de la relaci\u00f3n contractual \/ comercial entre las partes, los datos facilitados son tratados para las siguientes finalidades:<\/p>\n<ol>\n<li>cumplir con las obligaciones impuestas en el \u00e1mbito contable y fiscal, por las leyes vigentes en relaci\u00f3n con la relaci\u00f3n comercial existente;<\/li>\n<li>cualquier otro cumplimiento obligatorio que imponga la normativa fiscal, civil y de seguridad social.<\/li>\n<\/ol>\n<p><strong>Base legal del procesamiento<\/strong><\/p>\n<p>Arredo Service 4.0 Srl procesa sus datos personales legalmente, donde el tratamiento:<\/p>\n<p>&#8211; es necesario para la ejecuci\u00f3n de la relaci\u00f3n contractual o comercial;<\/p>\n<p>&#8211; es necesario para cumplir con un impuesto y \/ o seguridad social y \/ o obligaci\u00f3n legal inminente;<\/p>\n<p><strong>Consecuencias de la falta de comunicaci\u00f3n de datos personales<\/strong><\/p>\n<p>Con respecto a los datos personales relacionados con la ejecuci\u00f3n de la relaci\u00f3n contractual \/ comercial de la que usted es parte o relacionados con el cumplimiento de una obligaci\u00f3n reglamentaria, la falta de comunicaci\u00f3n de los datos personales impide la realizaci\u00f3n de la propia relaci\u00f3n contractual \/ comercial.<\/p>\n<p><strong>Categor\u00edas de terceros a los que se pueden divulgar los datos<\/strong><\/p>\n<p>Sus datos personales pueden ser divulgados a:<\/p>\n<ol>\n<li>consultores y \/ o contadores que brinden servicios funcionales para los fines indicados anteriormente;<\/li>\n<li>instituciones bancarias y de seguros que brinden servicios funcionales para los fines indicados anteriormente;<\/li>\n<li>sujetos que procesan datos en ejecuci\u00f3n de obligaciones legales espec\u00edficas;<\/li>\n<\/ol>\n<p><strong>Duraci\u00f3n del procesamiento y per\u00edodo de retenci\u00f3n<\/strong><\/p>\n<p>Los datos ser\u00e1n tratados \u00fanicamente por el tiempo necesario para las finalidades indicadas, se conservar\u00e1n mientras dure la relaci\u00f3n contractual o profesional.<\/p>\n<p><strong>Elaboraci\u00f3n de perfiles y difusi\u00f3n de datos<\/strong><\/p>\n<p>Sus datos personales no est\u00e1n sujetos a divulgaci\u00f3n ni a ning\u00fan proceso de toma de decisiones totalmente automatizado, incluida la elaboraci\u00f3n de perfiles.<\/p>\n<p><strong>Derechos de acceso, cancelaci\u00f3n, limitaci\u00f3n y portabilidad<\/strong><\/p>\n<p>Los interesados \u200b\u200btienen los derechos a que se refieren los art\u00edculos. del 15 al 20 del RGPD. A modo de ejemplo, cada interesado podr\u00e1:<\/p>\n<ol>\n<li>obtener confirmaci\u00f3n sobre si se est\u00e1n tratando o no datos personales que le conciernen;<\/li>\n<li>si un procesamiento est\u00e1 en progreso, obtener acceso a datos personales e informaci\u00f3n relacionada con el procesamiento y solicitar una copia de los datos personales;<\/li>\n<li>obtener la correcci\u00f3n de datos personales inexactos y la integraci\u00f3n de datos personales incompletos;<\/li>\n<li>obtener, si alguna de las condiciones previstas por el art. 17 del RGPD, la eliminaci\u00f3n de los datos personales que le conciernen;<\/li>\n<li>obtener, en los casos previstos en el art. 18 del RGPD, la limitaci\u00f3n del procesamiento;<\/li>\n<li>recibir los datos personales que le conciernen en un formato estructurado, de uso com\u00fan y legible por un dispositivo autom\u00e1tico y solicitar su transmisi\u00f3n a otro propietario, si es t\u00e9cnicamente factible.<\/li>\n<\/ol>\n<p><strong>Derecho a oponerse<\/strong><\/p>\n<p>Cada interesado tiene derecho a oponerse en cualquier momento al tratamiento de sus datos personales realizado para la consecuci\u00f3n de un inter\u00e9s leg\u00edtimo del Responsable del tratamiento. En caso de oposici\u00f3n, sus datos personales dejar\u00e1n de ser tratados, siempre que no existan motivos leg\u00edtimos para proceder al tratamiento que prevalezcan sobre los intereses, derechos y libertades del interesado o para la valoraci\u00f3n, ejercicio o defensa de un derecho. En la corte.<\/p>\n<p><strong>Derecho a retirar el consentimiento<\/strong><\/p>\n<p>En el caso de que se requiera consentimiento para el tratamiento de datos personales, cada interesado tambi\u00e9n podr\u00e1 revocar el consentimiento ya prestado en cualquier momento. El consentimiento se puede revocar escribiendo un correo electr\u00f3nico a info@arredoserviceitalia.it. El tratamiento basado en el consentimiento y realizado con anterioridad a la revocaci\u00f3n del mismo conserva, no obstante, su licitud;<\/p>\n<p><strong>Derecho a presentar una reclamaci\u00f3n ante el Garante<\/strong><\/p>\n<p>Asimismo, cada interesado podr\u00e1 presentar una reclamaci\u00f3n ante el Garante de Protecci\u00f3n de Datos Personales en el caso de que crea que han sido violados los derechos que posea en virtud de la GDPR, en la forma indicada en la p\u00e1gina web del Garante, accesible en la direcci\u00f3n: www.garanteprivacy.it.<\/p>\n<p>El ejercicio de los derechos del interesado es gratuito.<\/p>\n<p>Si la persona que proporciona los datos es menor de 18 a\u00f1os, este procesamiento es legal solo si y en la medida en que dicho consentimiento sea otorgado o autorizado por al menos uno de los titulares de la responsabilidad parental para quienes se adquieren los datos de identificaci\u00f3n y copia de el documento de identificaci\u00f3n.<\/p>\n<\/div><\/section><!-- \/wp:post-content -->","protected":false},"excerpt":{"rendered":"","protected":false},"author":1,"featured_media":0,"parent":0,"menu_order":0,"comment_status":"closed","ping_status":"closed","template":"","meta":{"footnotes":""},"class_list":["post-1375","page","type-page","status-publish","hentry"],"yoast_head":"<!-- This site is optimized with the Yoast SEO plugin v26.7 - https:\/\/yoast.com\/wordpress\/plugins\/seo\/ -->\n<title>Privacy Policy - Arredo Service 4.0<\/title>\n<meta name=\"robots\" content=\"index, follow, max-snippet:-1, max-image-preview:large, max-video-preview:-1\" \/>\n<link rel=\"canonical\" href=\"https:\/\/arredoserviceitalia.it\/es\/privacy-policy\/\" \/>\n<meta property=\"og:locale\" content=\"es_ES\" \/>\n<meta property=\"og:type\" content=\"article\" \/>\n<meta property=\"og:title\" content=\"Privacy Policy - Arredo Service 4.0\" \/>\n<meta property=\"og:url\" content=\"https:\/\/arredoserviceitalia.it\/es\/privacy-policy\/\" \/>\n<meta property=\"og:site_name\" content=\"Arredo Service 4.0\" \/>\n<meta property=\"article:publisher\" content=\"https:\/\/www.facebook.com\/arredoserviceitalia\" \/>\n<meta property=\"article:modified_time\" content=\"2021-07-21T17:54:25+00:00\" \/>\n<meta name=\"twitter:card\" content=\"summary_large_image\" \/>\n<meta name=\"twitter:label1\" content=\"Tiempo de lectura\" \/>\n\t<meta name=\"twitter:data1\" content=\"5 minutos\" \/>\n<script type=\"application\/ld+json\" class=\"yoast-schema-graph\">{\"@context\":\"https:\/\/schema.org\",\"@graph\":[{\"@type\":\"WebPage\",\"@id\":\"https:\/\/arredoserviceitalia.it\/es\/privacy-policy\/\",\"url\":\"https:\/\/arredoserviceitalia.it\/es\/privacy-policy\/\",\"name\":\"Privacy Policy - Arredo Service 4.0\",\"isPartOf\":{\"@id\":\"https:\/\/arredoserviceitalia.it\/#website\"},\"datePublished\":\"2020-11-11T09:48:08+00:00\",\"dateModified\":\"2021-07-21T17:54:25+00:00\",\"breadcrumb\":{\"@id\":\"https:\/\/arredoserviceitalia.it\/es\/privacy-policy\/#breadcrumb\"},\"inLanguage\":\"es\",\"potentialAction\":[{\"@type\":\"ReadAction\",\"target\":[\"https:\/\/arredoserviceitalia.it\/es\/privacy-policy\/\"]}]},{\"@type\":\"BreadcrumbList\",\"@id\":\"https:\/\/arredoserviceitalia.it\/es\/privacy-policy\/#breadcrumb\",\"itemListElement\":[{\"@type\":\"ListItem\",\"position\":1,\"name\":\"Home\",\"item\":\"https:\/\/arredoserviceitalia.it\/es\/homepage\/\"},{\"@type\":\"ListItem\",\"position\":2,\"name\":\"Privacy Policy\"}]},{\"@type\":\"WebSite\",\"@id\":\"https:\/\/arredoserviceitalia.it\/#website\",\"url\":\"https:\/\/arredoserviceitalia.it\/\",\"name\":\"Arredo Service 4.0\",\"description\":\"Montaggio arredi negozi e centri commerciali\",\"publisher\":{\"@id\":\"https:\/\/arredoserviceitalia.it\/#organization\"},\"potentialAction\":[{\"@type\":\"SearchAction\",\"target\":{\"@type\":\"EntryPoint\",\"urlTemplate\":\"https:\/\/arredoserviceitalia.it\/?s={search_term_string}\"},\"query-input\":{\"@type\":\"PropertyValueSpecification\",\"valueRequired\":true,\"valueName\":\"search_term_string\"}}],\"inLanguage\":\"es\"},{\"@type\":\"Organization\",\"@id\":\"https:\/\/arredoserviceitalia.it\/#organization\",\"name\":\"Arredo Service 4.0\",\"url\":\"https:\/\/arredoserviceitalia.it\/\",\"logo\":{\"@type\":\"ImageObject\",\"inLanguage\":\"es\",\"@id\":\"https:\/\/arredoserviceitalia.it\/#\/schema\/logo\/image\/\",\"url\":\"https:\/\/arredoserviceitalia.it\/wp-content\/uploads\/2021\/03\/logo-arredoservice.png\",\"contentUrl\":\"https:\/\/arredoserviceitalia.it\/wp-content\/uploads\/2021\/03\/logo-arredoservice.png\",\"width\":493,\"height\":156,\"caption\":\"Arredo Service 4.0\"},\"image\":{\"@id\":\"https:\/\/arredoserviceitalia.it\/#\/schema\/logo\/image\/\"},\"sameAs\":[\"https:\/\/www.facebook.com\/arredoserviceitalia\",\"https:\/\/www.linkedin.com\/company\/arredoservice\/\"]}]}<\/script>\n<!-- \/ Yoast SEO plugin. -->","yoast_head_json":{"title":"Privacy Policy - Arredo Service 4.0","robots":{"index":"index","follow":"follow","max-snippet":"max-snippet:-1","max-image-preview":"max-image-preview:large","max-video-preview":"max-video-preview:-1"},"canonical":"https:\/\/arredoserviceitalia.it\/es\/privacy-policy\/","og_locale":"es_ES","og_type":"article","og_title":"Privacy Policy - Arredo Service 4.0","og_url":"https:\/\/arredoserviceitalia.it\/es\/privacy-policy\/","og_site_name":"Arredo Service 4.0","article_publisher":"https:\/\/www.facebook.com\/arredoserviceitalia","article_modified_time":"2021-07-21T17:54:25+00:00","twitter_card":"summary_large_image","twitter_misc":{"Tiempo de lectura":"5 minutos"},"schema":{"@context":"https:\/\/schema.org","@graph":[{"@type":"WebPage","@id":"https:\/\/arredoserviceitalia.it\/es\/privacy-policy\/","url":"https:\/\/arredoserviceitalia.it\/es\/privacy-policy\/","name":"Privacy Policy - Arredo Service 4.0","isPartOf":{"@id":"https:\/\/arredoserviceitalia.it\/#website"},"datePublished":"2020-11-11T09:48:08+00:00","dateModified":"2021-07-21T17:54:25+00:00","breadcrumb":{"@id":"https:\/\/arredoserviceitalia.it\/es\/privacy-policy\/#breadcrumb"},"inLanguage":"es","potentialAction":[{"@type":"ReadAction","target":["https:\/\/arredoserviceitalia.it\/es\/privacy-policy\/"]}]},{"@type":"BreadcrumbList","@id":"https:\/\/arredoserviceitalia.it\/es\/privacy-policy\/#breadcrumb","itemListElement":[{"@type":"ListItem","position":1,"name":"Home","item":"https:\/\/arredoserviceitalia.it\/es\/homepage\/"},{"@type":"ListItem","position":2,"name":"Privacy Policy"}]},{"@type":"WebSite","@id":"https:\/\/arredoserviceitalia.it\/#website","url":"https:\/\/arredoserviceitalia.it\/","name":"Arredo Service 4.0","description":"Montaggio arredi negozi e centri commerciali","publisher":{"@id":"https:\/\/arredoserviceitalia.it\/#organization"},"potentialAction":[{"@type":"SearchAction","target":{"@type":"EntryPoint","urlTemplate":"https:\/\/arredoserviceitalia.it\/?s={search_term_string}"},"query-input":{"@type":"PropertyValueSpecification","valueRequired":true,"valueName":"search_term_string"}}],"inLanguage":"es"},{"@type":"Organization","@id":"https:\/\/arredoserviceitalia.it\/#organization","name":"Arredo Service 4.0","url":"https:\/\/arredoserviceitalia.it\/","logo":{"@type":"ImageObject","inLanguage":"es","@id":"https:\/\/arredoserviceitalia.it\/#\/schema\/logo\/image\/","url":"https:\/\/arredoserviceitalia.it\/wp-content\/uploads\/2021\/03\/logo-arredoservice.png","contentUrl":"https:\/\/arredoserviceitalia.it\/wp-content\/uploads\/2021\/03\/logo-arredoservice.png","width":493,"height":156,"caption":"Arredo Service 4.0"},"image":{"@id":"https:\/\/arredoserviceitalia.it\/#\/schema\/logo\/image\/"},"sameAs":["https:\/\/www.facebook.com\/arredoserviceitalia","https:\/\/www.linkedin.com\/company\/arredoservice\/"]}]}},"_links":{"self":[{"href":"https:\/\/arredoserviceitalia.it\/es\/wp-json\/wp\/v2\/pages\/1375","targetHints":{"allow":["GET"]}}],"collection":[{"href":"https:\/\/arredoserviceitalia.it\/es\/wp-json\/wp\/v2\/pages"}],"about":[{"href":"https:\/\/arredoserviceitalia.it\/es\/wp-json\/wp\/v2\/types\/page"}],"author":[{"embeddable":true,"href":"https:\/\/arredoserviceitalia.it\/es\/wp-json\/wp\/v2\/users\/1"}],"replies":[{"embeddable":true,"href":"https:\/\/arredoserviceitalia.it\/es\/wp-json\/wp\/v2\/comments?post=1375"}],"version-history":[{"count":4,"href":"https:\/\/arredoserviceitalia.it\/es\/wp-json\/wp\/v2\/pages\/1375\/revisions"}],"predecessor-version":[{"id":3160,"href":"https:\/\/arredoserviceitalia.it\/es\/wp-json\/wp\/v2\/pages\/1375\/revisions\/3160"}],"wp:attachment":[{"href":"https:\/\/arredoserviceitalia.it\/es\/wp-json\/wp\/v2\/media?parent=1375"}],"curies":[{"name":"wp","href":"https:\/\/api.w.org\/{rel}","templated":true}]}}