{"id":2940,"date":"2021-07-20T22:32:33","date_gmt":"2021-07-20T21:32:33","guid":{"rendered":"https:\/\/arredoserviceitalia.it\/?page_id=2940\/"},"modified":"2021-07-20T23:20:17","modified_gmt":"2021-07-20T22:20:17","slug":"servicios","status":"publish","type":"page","link":"https:\/\/arredoserviceitalia.it\/es\/servicios\/","title":{"rendered":"Servicios"},"content":{"rendered":"\n<style type=\"text\/css\" data-created_by=\"avia_inline_auto\" id=\"style-css-av-78ue9w-f2de3e3607640c8c8223cbdeeb09f2c6\">\n.avia-section.av-78ue9w-f2de3e3607640c8c8223cbdeeb09f2c6{\nbackground-color:#f07f0f;\nbackground-image:unset;\n}\n<\/style>\n<div id='av_section_1'  class='avia-section av-78ue9w-f2de3e3607640c8c8223cbdeeb09f2c6 main_color avia-section-huge avia-no-border-styling  avia-builder-el-0  el_before_av_section  avia-builder-el-first  avia-bg-style-scroll av-minimum-height av-minimum-height-custom av-height-custom  container_wrap fullsize'   data-av_minimum_height_px='100'><div class='container av-section-cont-open' style='height:100px'><main  role=\"main\" itemprop=\"mainContentOfPage\"  class='template-page content  av-content-full alpha units'><div class='post-entry post-entry-type-page post-entry-2940'><div class='entry-content-wrapper clearfix'>\n\n<style type=\"text\/css\" data-created_by=\"avia_inline_auto\" id=\"style-css-av-krcko8as-f01a656c5a9331aacb85d3ddf5d30f68\">\n#top .av-special-heading.av-krcko8as-f01a656c5a9331aacb85d3ddf5d30f68{\npadding-bottom:0;\ncolor:#ffffff;\nfont-size:90px;\n}\nbody .av-special-heading.av-krcko8as-f01a656c5a9331aacb85d3ddf5d30f68 .av-special-heading-tag .heading-char{\nfont-size:25px;\n}\n#top #wrap_all .av-special-heading.av-krcko8as-f01a656c5a9331aacb85d3ddf5d30f68 .av-special-heading-tag{\nfont-size:90px;\n}\n.av-special-heading.av-krcko8as-f01a656c5a9331aacb85d3ddf5d30f68 .special-heading-inner-border{\nborder-color:#ffffff;\n}\n.av-special-heading.av-krcko8as-f01a656c5a9331aacb85d3ddf5d30f68 .av-subheading{\nfont-size:18px;\n}\n\n@media only screen and (min-width: 480px) and (max-width: 767px){ \n#top #wrap_all .av-special-heading.av-krcko8as-f01a656c5a9331aacb85d3ddf5d30f68 .av-special-heading-tag{\nfont-size:0.8em;\n}\n}\n\n@media only screen and (max-width: 479px){ \n#top #wrap_all .av-special-heading.av-krcko8as-f01a656c5a9331aacb85d3ddf5d30f68 .av-special-heading-tag{\nfont-size:0.8em;\n}\n}\n<\/style>\n<div  class='av-special-heading av-krcko8as-f01a656c5a9331aacb85d3ddf5d30f68 av-special-heading-h3 custom-color-heading blockquote modern-quote modern-centered  avia-builder-el-1  avia-builder-el-no-sibling  av-inherit-size'><h3 class='av-special-heading-tag '  itemprop=\"headline\"  >Servicios<\/h3><div class='av_custom_color av-subheading av-subheading_below'><p>No queremos ser solo un proveedor, queremos ser su socio de confianza.<\/p>\n<\/div><div class=\"special-heading-border\"><div class=\"special-heading-inner-border\"><\/div><\/div><\/div>\n\n<\/div><\/div><\/main><!-- close content main element --><\/div><\/div>\n<style type=\"text\/css\" data-created_by=\"avia_inline_auto\" id=\"style-css-av-78ue9w-5a71cf9063ffbbb8229cde4a2f19d80b\">\n.avia-section.av-78ue9w-5a71cf9063ffbbb8229cde4a2f19d80b{\nbackground-color:#f9faff;\nbackground-image:url(https:\/\/arredoserviceitalia.it\/wp-content\/uploads\/2021\/03\/montaggio.png);\nbackground-repeat:no-repeat;\nbackground-position:50% 50%;\nbackground-attachment:fixed;\n}\n<\/style>\n<div id='av_section_2'  class='avia-section av-78ue9w-5a71cf9063ffbbb8229cde4a2f19d80b main_color avia-section-small avia-no-border-styling  avia-builder-el-2  el_after_av_section  el_before_av_section  avia-full-stretch avia-bg-style-fixed container_wrap fullsize'  data-section-bg-repeat='stretch'><div class='container av-section-cont-open' ><div class='template-page content  av-content-full alpha units'><div class='post-entry post-entry-type-page post-entry-2940'><div class='entry-content-wrapper clearfix'>\n\n<style type=\"text\/css\" data-created_by=\"avia_inline_auto\" id=\"style-css-av-xao9o-1edc131dac66ffec20d0b72f9b8799f5\">\n#top .flex_column.av-xao9o-1edc131dac66ffec20d0b72f9b8799f5{\nmargin-top:0px;\nmargin-bottom:0px;\n}\n.flex_column.av-xao9o-1edc131dac66ffec20d0b72f9b8799f5{\nborder-radius:0px 0px 0px 0px;\npadding:0px 0px 0px 0px;\n}\n.responsive #top #wrap_all .flex_column.av-xao9o-1edc131dac66ffec20d0b72f9b8799f5{\nmargin-top:0px;\nmargin-bottom:0px;\n}\n<\/style>\n<div  class='flex_column av-xao9o-1edc131dac66ffec20d0b72f9b8799f5 av_one_fourth  avia-builder-el-3  el_before_av_three_fourth  avia-builder-el-first  first flex_column_div av-zero-column-padding  '     ><\/div>\n<style type=\"text\/css\" data-created_by=\"avia_inline_auto\" id=\"style-css-av-xao9o-ac6c53a4d776db177eea463f470c0ec5\">\n#top .flex_column.av-xao9o-ac6c53a4d776db177eea463f470c0ec5{\nmargin-top:0px;\nmargin-bottom:0px;\n}\n.flex_column.av-xao9o-ac6c53a4d776db177eea463f470c0ec5{\nborder-radius:0px 0px 0px 0px;\npadding:30px 0px 0px 0px;\n}\n.responsive #top #wrap_all .flex_column.av-xao9o-ac6c53a4d776db177eea463f470c0ec5{\nmargin-top:0px;\nmargin-bottom:0px;\n}\n<\/style>\n<div  class='flex_column av-xao9o-ac6c53a4d776db177eea463f470c0ec5 av_three_fourth  avia-builder-el-4  el_after_av_one_fourth  avia-builder-el-last  flex_column_div  '     ><p><section  class='av_textblock_section av-kh4tp799-a529e804416f56f44bbf580aef9cb093 '   itemscope=\"itemscope\" itemtype=\"https:\/\/schema.org\/CreativeWork\" ><div class='avia_textblock'  itemprop=\"text\" ><p>Arredo Service 4.0 desarrolla sus servicios con soluciones ad hoc, siempre perfiladas, monitoreadas y compartidas con el cliente. Desde servicios de contrataci\u00f3n interna, hasta intervenciones en \u00e1reas aeroportuarias, hasta asistencia y mantenimiento de cajas y cajeros autom\u00e1ticos, ofrecemos servicios espec\u00edficos para distribuci\u00f3n a gran escala, aeropuertos, franquicias, supermercados, Ho.re.ca y comercios en general.<\/p>\n<p>Un abanico de posibles soluciones gracias a un equipo de profesionales en constante formaci\u00f3n y un esmerado sistema de control de gesti\u00f3n que nos permite monitorizar el flujo operativo en tiempo real.<\/p>\n<\/div><\/section><br \/>\n<div  id=\"av-sc-portfolio-1\"  class=\"av-portfolio-grid-sorting-container\"><div class='sort_width_container  av-sort-yes' data-portfolio-id='1' ><div id='js_sort_items' ><div class='sort_by_cat hidden'><a href=\"#\" data-filter=\"all_sort\" class=\"all_sort_button active_sort\"><span class=\"inner_sort_button\"><span>Todo<\/span><small class=\"av-cat-count\"> 6 <\/small><\/span><\/a><span class=\"text-sep servicios_sort_sep\">\/<\/span><a href=\"#\" data-filter=\"servicios_sort\" class=\"servicios_sort_button\" ><span class=\"inner_sort_button\"><span>Servicios<\/span><small class=\"av-cat-count\"> 6 <\/small><\/span><\/a><\/div><\/div><\/div><div  class=' grid-sort-container isotope   no_margin-container with-excerpt-container grid-total-even grid-col-3 grid-links-' data-portfolio-id='1'><div data-ajax-id='3094' class=' grid-entry flex_column isotope-item all_sort no_margin post-entry post-entry-3094 grid-entry-overview grid-loop-1 grid-parity-odd   av_one_third first default_av_fullwidth '><article class='main_color inner-entry'  itemscope=\"itemscope\" itemtype=\"https:\/\/schema.org\/CreativeWork\" ><a href=\"https:\/\/arredoserviceitalia.it\/es\/servizi\/montaje-de-muebles\/\" title='Montaje de muebles'  data-rel='grid-1' class='grid-image avia-hover-fx'> <img decoding=\"async\" fetchpriority=\"high\" width=\"495\" height=\"400\" src=\"https:\/\/arredoserviceitalia.it\/wp-content\/uploads\/2021\/03\/montaggio-arredi-495x400.jpg\" class=\"wp-image-2626 avia-img-lazy-loading-not-2626 attachment-portfolio size-portfolio wp-post-image\" alt=\"\" srcset=\"https:\/\/arredoserviceitalia.it\/wp-content\/uploads\/2021\/03\/montaggio-arredi.jpg 495w, https:\/\/arredoserviceitalia.it\/wp-content\/uploads\/2021\/03\/montaggio-arredi-300x242.jpg 300w\" sizes=\"(max-width: 495px) 100vw, 495px\" \/><\/a><div class='grid-content'><div class='avia-arrow'><\/div><header class=\"entry-content-header\" aria-label=\"Portfolio: Montaje de muebles\"><h3 class='grid-entry-title entry-title '  itemprop=\"headline\" ><a href='https:\/\/arredoserviceitalia.it\/es\/servizi\/montaje-de-muebles\/' title='Montaje de muebles'>Montaje de muebles<\/a><\/h3><\/header><\/div><footer class=\"entry-footer\"><\/footer><\/article><\/div><div data-ajax-id='3103' class=' grid-entry flex_column isotope-item all_sort no_margin post-entry post-entry-3103 grid-entry-overview grid-loop-2 grid-parity-even   av_one_third  default_av_fullwidth '><article class='main_color inner-entry'  itemscope=\"itemscope\" itemtype=\"https:\/\/schema.org\/CreativeWork\" ><a href=\"https:\/\/arredoserviceitalia.it\/es\/servizi\/asistencia-con-mostradores-de-pago-y-carritos-de-compra\/\" title='Asistencia con mostradores de pago y carritos de compra'  data-rel='grid-1' class='grid-image avia-hover-fx'> <img decoding=\"async\" fetchpriority=\"high\" width=\"495\" height=\"400\" src=\"https:\/\/arredoserviceitalia.it\/wp-content\/uploads\/2021\/03\/banchi-cassa-1-495x400.jpg\" class=\"wp-image-5424 avia-img-lazy-loading-not-5424 attachment-portfolio size-portfolio wp-post-image\" alt=\"\" srcset=\"https:\/\/arredoserviceitalia.it\/wp-content\/uploads\/2021\/03\/banchi-cassa-1.jpg 495w, https:\/\/arredoserviceitalia.it\/wp-content\/uploads\/2021\/03\/banchi-cassa-1-300x242.jpg 300w\" sizes=\"(max-width: 495px) 100vw, 495px\" \/><\/a><div class='grid-content'><div class='avia-arrow'><\/div><header class=\"entry-content-header\" aria-label=\"Portfolio: Asistencia con mostradores de pago y carritos de compra\"><h3 class='grid-entry-title entry-title '  itemprop=\"headline\" ><a href='https:\/\/arredoserviceitalia.it\/es\/servizi\/asistencia-con-mostradores-de-pago-y-carritos-de-compra\/' title='Asistencia con mostradores de pago y carritos de compra'>Asistencia con mostradores de pago y carritos de compra<\/a><\/h3><\/header><\/div><footer class=\"entry-footer\"><\/footer><\/article><\/div><div data-ajax-id='3116' class=' grid-entry flex_column isotope-item all_sort no_margin post-entry post-entry-3116 grid-entry-overview grid-loop-3 grid-parity-odd   av_one_third  default_av_fullwidth '><article class='main_color inner-entry'  itemscope=\"itemscope\" itemtype=\"https:\/\/schema.org\/CreativeWork\" ><a href=\"https:\/\/arredoserviceitalia.it\/es\/servizi\/transporte-y-logistica\/\" title='Transporte y logistica'  data-rel='grid-1' class='grid-image avia-hover-fx'> <img decoding=\"async\" fetchpriority=\"high\" width=\"495\" height=\"400\" src=\"https:\/\/arredoserviceitalia.it\/wp-content\/uploads\/2021\/03\/trasporto-495x400.jpg\" class=\"wp-image-5411 avia-img-lazy-loading-not-5411 attachment-portfolio size-portfolio wp-post-image\" alt=\"\" srcset=\"https:\/\/arredoserviceitalia.it\/wp-content\/uploads\/2021\/03\/trasporto.jpg 495w, https:\/\/arredoserviceitalia.it\/wp-content\/uploads\/2021\/03\/trasporto-300x242.jpg 300w\" sizes=\"(max-width: 495px) 100vw, 495px\" \/><\/a><div class='grid-content'><div class='avia-arrow'><\/div><header class=\"entry-content-header\" aria-label=\"Portfolio: Transporte y logistica\"><h3 class='grid-entry-title entry-title '  itemprop=\"headline\" ><a href='https:\/\/arredoserviceitalia.it\/es\/servizi\/transporte-y-logistica\/' title='Transporte y logistica'>Transporte y logistica<\/a><\/h3><\/header><\/div><footer class=\"entry-footer\"><\/footer><\/article><\/div><div data-ajax-id='3131' class=' grid-entry flex_column isotope-item all_sort no_margin post-entry post-entry-3131 grid-entry-overview grid-loop-4 grid-parity-even  servicios_sort servicios_sort servicios_sort servicios_sort servicios_sort servicios_sort  av_one_third first default_av_fullwidth '><article class='main_color inner-entry'  itemscope=\"itemscope\" itemtype=\"https:\/\/schema.org\/CreativeWork\" ><a href=\"https:\/\/arredoserviceitalia.it\/es\/servizi\/trabajo-de-construccion\/\" title='Trabajo de construcci\u00f3n'  data-rel='grid-1' class='grid-image avia-hover-fx'> <img decoding=\"async\" fetchpriority=\"high\" width=\"495\" height=\"400\" src=\"https:\/\/arredoserviceitalia.it\/wp-content\/uploads\/2021\/03\/lavoroi-edili-495x400.jpg\" class=\"wp-image-5430 avia-img-lazy-loading-not-5430 attachment-portfolio size-portfolio wp-post-image\" alt=\"\" srcset=\"https:\/\/arredoserviceitalia.it\/wp-content\/uploads\/2021\/03\/lavoroi-edili.jpg 495w, https:\/\/arredoserviceitalia.it\/wp-content\/uploads\/2021\/03\/lavoroi-edili-300x242.jpg 300w\" sizes=\"(max-width: 495px) 100vw, 495px\" \/><\/a><div class='grid-content'><div class='avia-arrow'><\/div><header class=\"entry-content-header\" aria-label=\"Portfolio: Trabajo de construcci\u00f3n\"><h3 class='grid-entry-title entry-title '  itemprop=\"headline\" ><a href='https:\/\/arredoserviceitalia.it\/es\/servizi\/trabajo-de-construccion\/' title='Trabajo de construcci\u00f3n'>Trabajo de construcci\u00f3n<\/a><\/h3><\/header><\/div><footer class=\"entry-footer\"><\/footer><\/article><\/div><div data-ajax-id='4866' class=' grid-entry flex_column isotope-item all_sort no_margin post-entry post-entry-4866 grid-entry-overview grid-loop-5 grid-parity-odd   av_one_third  default_av_fullwidth '><article class='main_color inner-entry'  itemscope=\"itemscope\" itemtype=\"https:\/\/schema.org\/CreativeWork\" ><a href=\"https:\/\/arredoserviceitalia.it\/es\/servizi\/asistencia-en-cajon-de-monedas\/\" title='Asistencia en caj\u00f3n de monedas'  data-rel='grid-1' class='grid-image avia-hover-fx'> <img decoding=\"async\" fetchpriority=\"high\" width=\"495\" height=\"400\" src=\"https:\/\/arredoserviceitalia.it\/wp-content\/uploads\/2024\/07\/img_cassetti_portamoneta.jpg\" class=\"wp-image-5495 avia-img-lazy-loading-not-5495 attachment-portfolio size-portfolio wp-post-image\" alt=\"\" srcset=\"https:\/\/arredoserviceitalia.it\/wp-content\/uploads\/2024\/07\/img_cassetti_portamoneta.jpg 495w, https:\/\/arredoserviceitalia.it\/wp-content\/uploads\/2024\/07\/img_cassetti_portamoneta-300x242.jpg 300w\" sizes=\"(max-width: 495px) 100vw, 495px\" \/><\/a><div class='grid-content'><div class='avia-arrow'><\/div><header class=\"entry-content-header\" aria-label=\"Portfolio: Asistencia en caj\u00f3n de monedas\"><h3 class='grid-entry-title entry-title '  itemprop=\"headline\" ><a href='https:\/\/arredoserviceitalia.it\/es\/servizi\/asistencia-en-cajon-de-monedas\/' title='Asistencia en caj\u00f3n de monedas'>Asistencia en caj\u00f3n de monedas<\/a><\/h3><\/header><\/div><footer class=\"entry-footer\"><\/footer><\/article><\/div><div data-ajax-id='3148' class=' grid-entry flex_column isotope-item all_sort no_margin post-entry post-entry-3148 grid-entry-overview grid-loop-6 grid-parity-even  post-entry-last   av_one_third  default_av_fullwidth '><article class='main_color inner-entry'  itemscope=\"itemscope\" itemtype=\"https:\/\/schema.org\/CreativeWork\" ><a href=\"https:\/\/arredoserviceitalia.it\/es\/servizi\/intervenciones-en-zonas-aeroportuarias\/\" title='Intervenciones en zonas aeroportuarias'  data-rel='grid-1' class='grid-image avia-hover-fx'> <img decoding=\"async\" fetchpriority=\"high\" width=\"495\" height=\"400\" src=\"https:\/\/arredoserviceitalia.it\/wp-content\/uploads\/2021\/03\/aeroporto-495x400.jpg\" class=\"wp-image-5414 avia-img-lazy-loading-not-5414 attachment-portfolio size-portfolio wp-post-image\" alt=\"\" srcset=\"https:\/\/arredoserviceitalia.it\/wp-content\/uploads\/2021\/03\/aeroporto.jpg 495w, https:\/\/arredoserviceitalia.it\/wp-content\/uploads\/2021\/03\/aeroporto-300x242.jpg 300w\" sizes=\"(max-width: 495px) 100vw, 495px\" \/><\/a><div class='grid-content'><div class='avia-arrow'><\/div><header class=\"entry-content-header\" aria-label=\"Portfolio: Intervenciones en zonas aeroportuarias\"><h3 class='grid-entry-title entry-title '  itemprop=\"headline\" ><a href='https:\/\/arredoserviceitalia.it\/es\/servizi\/intervenciones-en-zonas-aeroportuarias\/' title='Intervenciones en zonas aeroportuarias'>Intervenciones en zonas aeroportuarias<\/a><\/h3><\/header><\/div><footer class=\"entry-footer\"><\/footer><\/article><\/div><\/div><\/div>   <!--   class=\"av-portfolio-grid-sorting-container\"  --><\/p><\/div>\n\n<\/div><\/div><\/div><!-- close content main div --><\/div><\/div>\n<style type=\"text\/css\" data-created_by=\"avia_inline_auto\" id=\"style-css-av-kmnqkk0i-fa2aa79ca2ab426273bee1542296ae6d\">\n.avia-section.av-kmnqkk0i-fa2aa79ca2ab426273bee1542296ae6d{\nbackground-color:#3965ad;\nbackground-image:unset;\n}\n<\/style>\n<div id='av_section_3'  class='avia-section av-kmnqkk0i-fa2aa79ca2ab426273bee1542296ae6d main_color avia-section-default avia-no-border-styling  avia-builder-el-7  el_after_av_section  avia-builder-el-last  avia-bg-style-scroll container_wrap fullsize'  ><div class='container av-section-cont-open' ><div class='template-page content  av-content-full alpha units'><div class='post-entry post-entry-type-page post-entry-2940'><div class='entry-content-wrapper clearfix'>\n\n<style type=\"text\/css\" data-created_by=\"avia_inline_auto\" id=\"style-css-av-av_heading-c98ef22941a934b74b231484336b2f73\">\n#top .av-special-heading.av-av_heading-c98ef22941a934b74b231484336b2f73{\npadding-bottom:10px;\ncolor:#ffffff;\n}\nbody .av-special-heading.av-av_heading-c98ef22941a934b74b231484336b2f73 .av-special-heading-tag .heading-char{\nfont-size:25px;\n}\n.av-special-heading.av-av_heading-c98ef22941a934b74b231484336b2f73 .special-heading-inner-border{\nborder-color:#ffffff;\n}\n.av-special-heading.av-av_heading-c98ef22941a934b74b231484336b2f73 .av-subheading{\nfont-size:20px;\n}\n<\/style>\n<div  class='av-special-heading av-av_heading-c98ef22941a934b74b231484336b2f73 av-special-heading-h1 custom-color-heading blockquote modern-quote modern-centered  avia-builder-el-8  el_before_av_button  avia-builder-el-first '><h1 class='av-special-heading-tag '  itemprop=\"headline\"  >\u00bfNecesitas nuestro consejo?<\/h1><div class=\"special-heading-border\"><div class=\"special-heading-inner-border\"><\/div><\/div><\/div>\n<div  class='avia-button-wrap av-7tcck-d4a48511f97b38ca2e307b13c4b06e7c-wrap avia-button-center  avia-builder-el-9  el_after_av_heading  avia-builder-el-last '><a href='https:\/\/arredoserviceitalia.it\/es\/contactos\/'  class='avia-button av-7tcck-d4a48511f97b38ca2e307b13c4b06e7c av-link-btn avia-icon_select-no avia-size-x-large avia-position-center avia-color-light'   aria-label=\"Cont\u00e1ctenos\"><span class='avia_iconbox_title' >Cont\u00e1ctenos<\/span><\/a><\/div>\n\n","protected":false},"excerpt":{"rendered":"","protected":false},"author":2,"featured_media":0,"parent":0,"menu_order":0,"comment_status":"closed","ping_status":"closed","template":"","meta":{"footnotes":""},"class_list":["post-2940","page","type-page","status-publish","hentry"],"yoast_head":"<!-- This site is optimized with the Yoast SEO plugin v26.7 - https:\/\/yoast.com\/wordpress\/plugins\/seo\/ -->\n<title>Servicios - Arredo Service 4.0<\/title>\n<meta name=\"robots\" content=\"index, follow, max-snippet:-1, max-image-preview:large, max-video-preview:-1\" \/>\n<link rel=\"canonical\" href=\"https:\/\/arredoserviceitalia.it\/es\/servicios\/\" \/>\n<meta property=\"og:locale\" content=\"es_ES\" \/>\n<meta property=\"og:type\" content=\"article\" \/>\n<meta property=\"og:title\" content=\"Servicios - Arredo Service 4.0\" \/>\n<meta property=\"og:url\" content=\"https:\/\/arredoserviceitalia.it\/es\/servicios\/\" \/>\n<meta property=\"og:site_name\" content=\"Arredo Service 4.0\" \/>\n<meta property=\"article:publisher\" content=\"https:\/\/www.facebook.com\/arredoserviceitalia\" \/>\n<meta property=\"article:modified_time\" content=\"2021-07-20T22:20:17+00:00\" \/>\n<meta name=\"twitter:card\" content=\"summary_large_image\" \/>\n<meta name=\"twitter:label1\" content=\"Tiempo de lectura\" \/>\n\t<meta name=\"twitter:data1\" content=\"6 minutos\" \/>\n<script type=\"application\/ld+json\" class=\"yoast-schema-graph\">{\"@context\":\"https:\/\/schema.org\",\"@graph\":[{\"@type\":\"WebPage\",\"@id\":\"https:\/\/arredoserviceitalia.it\/es\/servicios\/\",\"url\":\"https:\/\/arredoserviceitalia.it\/es\/servicios\/\",\"name\":\"Servicios - Arredo Service 4.0\",\"isPartOf\":{\"@id\":\"https:\/\/arredoserviceitalia.it\/#website\"},\"datePublished\":\"2021-07-20T21:32:33+00:00\",\"dateModified\":\"2021-07-20T22:20:17+00:00\",\"breadcrumb\":{\"@id\":\"https:\/\/arredoserviceitalia.it\/es\/servicios\/#breadcrumb\"},\"inLanguage\":\"es\",\"potentialAction\":[{\"@type\":\"ReadAction\",\"target\":[\"https:\/\/arredoserviceitalia.it\/es\/servicios\/\"]}]},{\"@type\":\"BreadcrumbList\",\"@id\":\"https:\/\/arredoserviceitalia.it\/es\/servicios\/#breadcrumb\",\"itemListElement\":[{\"@type\":\"ListItem\",\"position\":1,\"name\":\"Home\",\"item\":\"https:\/\/arredoserviceitalia.it\/es\/homepage\/\"},{\"@type\":\"ListItem\",\"position\":2,\"name\":\"Servicios\"}]},{\"@type\":\"WebSite\",\"@id\":\"https:\/\/arredoserviceitalia.it\/#website\",\"url\":\"https:\/\/arredoserviceitalia.it\/\",\"name\":\"Arredo Service 4.0\",\"description\":\"Montaggio arredi negozi e centri commerciali\",\"publisher\":{\"@id\":\"https:\/\/arredoserviceitalia.it\/#organization\"},\"potentialAction\":[{\"@type\":\"SearchAction\",\"target\":{\"@type\":\"EntryPoint\",\"urlTemplate\":\"https:\/\/arredoserviceitalia.it\/?s={search_term_string}\"},\"query-input\":{\"@type\":\"PropertyValueSpecification\",\"valueRequired\":true,\"valueName\":\"search_term_string\"}}],\"inLanguage\":\"es\"},{\"@type\":\"Organization\",\"@id\":\"https:\/\/arredoserviceitalia.it\/#organization\",\"name\":\"Arredo Service 4.0\",\"url\":\"https:\/\/arredoserviceitalia.it\/\",\"logo\":{\"@type\":\"ImageObject\",\"inLanguage\":\"es\",\"@id\":\"https:\/\/arredoserviceitalia.it\/#\/schema\/logo\/image\/\",\"url\":\"https:\/\/arredoserviceitalia.it\/wp-content\/uploads\/2021\/03\/logo-arredoservice.png\",\"contentUrl\":\"https:\/\/arredoserviceitalia.it\/wp-content\/uploads\/2021\/03\/logo-arredoservice.png\",\"width\":493,\"height\":156,\"caption\":\"Arredo Service 4.0\"},\"image\":{\"@id\":\"https:\/\/arredoserviceitalia.it\/#\/schema\/logo\/image\/\"},\"sameAs\":[\"https:\/\/www.facebook.com\/arredoserviceitalia\",\"https:\/\/www.linkedin.com\/company\/arredoservice\/\"]}]}<\/script>\n<!-- \/ Yoast SEO plugin. -->","yoast_head_json":{"title":"Servicios - Arredo Service 4.0","robots":{"index":"index","follow":"follow","max-snippet":"max-snippet:-1","max-image-preview":"max-image-preview:large","max-video-preview":"max-video-preview:-1"},"canonical":"https:\/\/arredoserviceitalia.it\/es\/servicios\/","og_locale":"es_ES","og_type":"article","og_title":"Servicios - Arredo Service 4.0","og_url":"https:\/\/arredoserviceitalia.it\/es\/servicios\/","og_site_name":"Arredo Service 4.0","article_publisher":"https:\/\/www.facebook.com\/arredoserviceitalia","article_modified_time":"2021-07-20T22:20:17+00:00","twitter_card":"summary_large_image","twitter_misc":{"Tiempo de lectura":"6 minutos"},"schema":{"@context":"https:\/\/schema.org","@graph":[{"@type":"WebPage","@id":"https:\/\/arredoserviceitalia.it\/es\/servicios\/","url":"https:\/\/arredoserviceitalia.it\/es\/servicios\/","name":"Servicios - Arredo Service 4.0","isPartOf":{"@id":"https:\/\/arredoserviceitalia.it\/#website"},"datePublished":"2021-07-20T21:32:33+00:00","dateModified":"2021-07-20T22:20:17+00:00","breadcrumb":{"@id":"https:\/\/arredoserviceitalia.it\/es\/servicios\/#breadcrumb"},"inLanguage":"es","potentialAction":[{"@type":"ReadAction","target":["https:\/\/arredoserviceitalia.it\/es\/servicios\/"]}]},{"@type":"BreadcrumbList","@id":"https:\/\/arredoserviceitalia.it\/es\/servicios\/#breadcrumb","itemListElement":[{"@type":"ListItem","position":1,"name":"Home","item":"https:\/\/arredoserviceitalia.it\/es\/homepage\/"},{"@type":"ListItem","position":2,"name":"Servicios"}]},{"@type":"WebSite","@id":"https:\/\/arredoserviceitalia.it\/#website","url":"https:\/\/arredoserviceitalia.it\/","name":"Arredo Service 4.0","description":"Montaggio arredi negozi e centri commerciali","publisher":{"@id":"https:\/\/arredoserviceitalia.it\/#organization"},"potentialAction":[{"@type":"SearchAction","target":{"@type":"EntryPoint","urlTemplate":"https:\/\/arredoserviceitalia.it\/?s={search_term_string}"},"query-input":{"@type":"PropertyValueSpecification","valueRequired":true,"valueName":"search_term_string"}}],"inLanguage":"es"},{"@type":"Organization","@id":"https:\/\/arredoserviceitalia.it\/#organization","name":"Arredo Service 4.0","url":"https:\/\/arredoserviceitalia.it\/","logo":{"@type":"ImageObject","inLanguage":"es","@id":"https:\/\/arredoserviceitalia.it\/#\/schema\/logo\/image\/","url":"https:\/\/arredoserviceitalia.it\/wp-content\/uploads\/2021\/03\/logo-arredoservice.png","contentUrl":"https:\/\/arredoserviceitalia.it\/wp-content\/uploads\/2021\/03\/logo-arredoservice.png","width":493,"height":156,"caption":"Arredo Service 4.0"},"image":{"@id":"https:\/\/arredoserviceitalia.it\/#\/schema\/logo\/image\/"},"sameAs":["https:\/\/www.facebook.com\/arredoserviceitalia","https:\/\/www.linkedin.com\/company\/arredoservice\/"]}]}},"_links":{"self":[{"href":"https:\/\/arredoserviceitalia.it\/es\/wp-json\/wp\/v2\/pages\/2940","targetHints":{"allow":["GET"]}}],"collection":[{"href":"https:\/\/arredoserviceitalia.it\/es\/wp-json\/wp\/v2\/pages"}],"about":[{"href":"https:\/\/arredoserviceitalia.it\/es\/wp-json\/wp\/v2\/types\/page"}],"author":[{"embeddable":true,"href":"https:\/\/arredoserviceitalia.it\/es\/wp-json\/wp\/v2\/users\/2"}],"replies":[{"embeddable":true,"href":"https:\/\/arredoserviceitalia.it\/es\/wp-json\/wp\/v2\/comments?post=2940"}],"version-history":[{"count":3,"href":"https:\/\/arredoserviceitalia.it\/es\/wp-json\/wp\/v2\/pages\/2940\/revisions"}],"predecessor-version":[{"id":4884,"href":"https:\/\/arredoserviceitalia.it\/es\/wp-json\/wp\/v2\/pages\/2940\/revisions\/4884"}],"wp:attachment":[{"href":"https:\/\/arredoserviceitalia.it\/es\/wp-json\/wp\/v2\/media?parent=2940"}],"curies":[{"name":"wp","href":"https:\/\/api.w.org\/{rel}","templated":true}]}}